{"id":538967,"date":"2025-09-05T17:38:05","date_gmt":"2025-09-05T14:38:05","guid":{"rendered":"https:\/\/staging.nbg.eu\/product\/ar-15-bolt-catch-roll-pin\/"},"modified":"2025-09-30T13:40:27","modified_gmt":"2025-09-30T10:40:27","slug":"ar-15-sluten-stift-foer-slutstyckesspaerr","status":"publish","type":"product","link":"https:\/\/staging.nbg.eu\/sv\/produkt\/ar-15-sluten-stift-foer-slutstyckesspaerr\/","title":{"rendered":"AR-15 SLUTEN STIFT F\u00d6R SLUTSTYCKESSP\u00c4RR"},"content":{"rendered":"<div class=\"product-description\">\n<h2>AR-15 Bultf\u00e5ngare Rullstift<\/h2>\n<p>Ett n\u00f6dv\u00e4ndigt rullstift f\u00f6r bultf\u00e5ngaren p\u00e5 din AR-15. Tillverkad i USA, denna komponent s\u00e4kerst\u00e4ller p\u00e5litlig funktion f\u00f6r ditt skjutvapen.<\/p>\n<ul>\n<li><strong>Brownells nr:<\/strong> 100044599<\/li>\n<li><strong>Tillverkare nr:<\/strong> 55CA547<\/li>\n<li><strong>UPC:<\/strong> 810046231234<\/li>\n<li><strong>Passform:<\/strong> AR-15 Universell<\/li>\n<\/ul>\n<p>Detta rullstift \u00e4r utformat f\u00f6r universell passform p\u00e5 AR-15-plattformar, vilket g\u00f6r det l\u00e4mpligt f\u00f6r olika modeller. Det \u00e4r konstruerat f\u00f6r att m\u00f6ta strikta kvalitetsstandarder och ger en s\u00e4ker och h\u00e5llbar anslutning f\u00f6r din bultf\u00e5ngarmontage.<\/p>\n","protected":false},"excerpt":{"rendered":"<p>USA-tillverkad rullpinne f\u00f6r slutstyckesp\u00e4rr till AR-15. N\u00f6dv\u00e4ndig f\u00f6r installation av slutstyckesp\u00e4rr.<\/p>\n","protected":false},"featured_media":497331,"template":"","meta":{"_acf_changed":false},"product_brand":[],"product_cat":[13053,13002],"product_tag":[],"class_list":{"0":"post-538967","1":"product","2":"type-product","3":"status-publish","4":"has-post-thumbnail","6":"product_cat-gevaer","7":"product_cat-gevaersjustering","9":"first","10":"instock","11":"taxable","12":"shipping-taxable","13":"purchasable","14":"product-type-simple"},"acf":[],"_links":{"self":[{"href":"https:\/\/staging.nbg.eu\/sv\/wp-json\/wp\/v2\/product\/538967","targetHints":{"allow":["GET"]}}],"collection":[{"href":"https:\/\/staging.nbg.eu\/sv\/wp-json\/wp\/v2\/product"}],"about":[{"href":"https:\/\/staging.nbg.eu\/sv\/wp-json\/wp\/v2\/types\/product"}],"wp:featuredmedia":[{"embeddable":true,"href":"https:\/\/staging.nbg.eu\/sv\/wp-json\/wp\/v2\/media\/497331"}],"wp:attachment":[{"href":"https:\/\/staging.nbg.eu\/sv\/wp-json\/wp\/v2\/media?parent=538967"}],"wp:term":[{"taxonomy":"product_brand","embeddable":true,"href":"https:\/\/staging.nbg.eu\/sv\/wp-json\/wp\/v2\/product_brand?post=538967"},{"taxonomy":"product_cat","embeddable":true,"href":"https:\/\/staging.nbg.eu\/sv\/wp-json\/wp\/v2\/product_cat?post=538967"},{"taxonomy":"product_tag","embeddable":true,"href":"https:\/\/staging.nbg.eu\/sv\/wp-json\/wp\/v2\/product_tag?post=538967"}],"curies":[{"name":"wp","href":"https:\/\/api.w.org\/{rel}","templated":true}]}}