{"id":538012,"date":"2025-09-05T17:25:46","date_gmt":"2025-09-05T14:25:46","guid":{"rendered":"https:\/\/staging.nbg.eu\/product\/recoil-spring-kmr-45-extra-extrasoft-8\/"},"modified":"2025-09-30T12:20:52","modified_gmt":"2025-09-30T09:20:52","slug":"recoil-fjaeder-kmr-45-extra-extrasoft-8","status":"publish","type":"product","link":"https:\/\/staging.nbg.eu\/sv\/produkt\/recoil-fjaeder-kmr-45-extra-extrasoft-8\/","title":{"rendered":"RECOIL FJ\u00c4DER KMR 4,5&#8243; EXTRA EXTRASOFT (8)"},"content":{"rendered":"<h2>REKYLFJ\u00c4DER KMR 4,5&#8243; EXTRA EXTRAMJUK (8)<\/h2>\n<p>KMR Precision Arms REKYLFJ\u00c4DER KMR 4,5&#8243; EXTRA EXTRAMJUK (8) \u00e4r utformad f\u00f6r skjutvapen med 4,5 tums pipa.<\/p>\n<h2>Produktegenskaper:<\/h2>\n<ul>\n<li>M\u00e4rke: KMR Precision Arms<\/li>\n<li>Referens: 0730-05801-0000<\/li>\n<li>L\u00e4ngd: 4,5 tum<\/li>\n<li>Typ: Extra extramjuk<\/li>\n<li>Antal: 8 fj\u00e4drar per f\u00f6rpackning<\/li>\n<\/ul>\n<p>Denna extra extramjuka rekylfj\u00e4der \u00e4r konstruerad f\u00f6r att minska upplevd rekyl. Den \u00e4r avsedd f\u00f6r t\u00e4vlingsskyttar och entusiaster som vill justera sitt skjutvapens prestanda. KMR 4,5&#8243; EXTRA EXTRAMJUK fj\u00e4der s\u00e4kerst\u00e4ller j\u00e4mn cykling och p\u00e5litlig funktion.<\/p>\n","protected":false},"excerpt":{"rendered":"<p>Extra mjuk rekylfj\u00e4der f\u00f6r KMR 4,5&#8243; precisionsvapenmodeller. Mjuk funktion.<\/p>\n","protected":false},"featured_media":496969,"template":"","meta":{"_acf_changed":false},"product_brand":[11511],"product_cat":[13005],"product_tag":[],"class_list":{"0":"post-538012","1":"product","2":"type-product","3":"status-publish","4":"has-post-thumbnail","6":"product_brand-kmr-precision","7":"product_cat-kmr-delar","9":"first","10":"instock","11":"taxable","12":"shipping-taxable","13":"purchasable","14":"product-type-simple"},"acf":[],"_links":{"self":[{"href":"https:\/\/staging.nbg.eu\/sv\/wp-json\/wp\/v2\/product\/538012","targetHints":{"allow":["GET"]}}],"collection":[{"href":"https:\/\/staging.nbg.eu\/sv\/wp-json\/wp\/v2\/product"}],"about":[{"href":"https:\/\/staging.nbg.eu\/sv\/wp-json\/wp\/v2\/types\/product"}],"wp:featuredmedia":[{"embeddable":true,"href":"https:\/\/staging.nbg.eu\/sv\/wp-json\/wp\/v2\/media\/496969"}],"wp:attachment":[{"href":"https:\/\/staging.nbg.eu\/sv\/wp-json\/wp\/v2\/media?parent=538012"}],"wp:term":[{"taxonomy":"product_brand","embeddable":true,"href":"https:\/\/staging.nbg.eu\/sv\/wp-json\/wp\/v2\/product_brand?post=538012"},{"taxonomy":"product_cat","embeddable":true,"href":"https:\/\/staging.nbg.eu\/sv\/wp-json\/wp\/v2\/product_cat?post=538012"},{"taxonomy":"product_tag","embeddable":true,"href":"https:\/\/staging.nbg.eu\/sv\/wp-json\/wp\/v2\/product_tag?post=538012"}],"curies":[{"name":"wp","href":"https:\/\/api.w.org\/{rel}","templated":true}]}}