{"id":537905,"date":"2025-09-05T17:25:45","date_gmt":"2025-09-05T14:25:45","guid":{"rendered":"https:\/\/staging.nbg.eu\/product\/sons-of-liberty-gun-works-ar-15-bolt-catch-spring\/"},"modified":"2025-09-30T12:11:45","modified_gmt":"2025-09-30T09:11:45","slug":"sons-of-liberty-gun-works-ar-15-slutstycke-spaerr-fjaeder","status":"publish","type":"product","link":"https:\/\/staging.nbg.eu\/sv\/produkt\/sons-of-liberty-gun-works-ar-15-slutstycke-spaerr-fjaeder\/","title":{"rendered":"SONS OF LIBERTY GUN WORKS AR-15 SLUTSTYCKE SP\u00c4RR FJ\u00c4DER"},"content":{"rendered":"<div class=\"product-description\">\n<h2>SONS OF LIBERTY GUN WORKS AR-15 SLUTSTYCKESFJ\u00c4DER (10-pack)<\/h2>\n<p>Denna slutstyckesfj\u00e4der \u00e4r designad f\u00f6r AR-15 plattformen. Tillverkad i USA, s\u00e4kerst\u00e4ller denna komponent funktionen av vapnets slutstyckesmekanism.<\/p>\n<h2>Egenskaper:<\/h2>\n<ul>\n<li>Utformad f\u00f6r AR-15 plattformar<\/li>\n<li>H\u00e5llbar konstruktion<\/li>\n<li>S\u00e4kerst\u00e4ller slutstyckets funktion<\/li>\n<li>Tillverkad i USA<\/li>\n<li>S\u00e4ljs i 10-pack f\u00f6r flera utbyten eller byggen<\/li>\n<\/ul>\n<p>Produktinformation:<\/p>\n<ul>\n<li>Vikt: 0,01 lbs<\/li>\n<\/ul>\n<p>Slutstyckesfj\u00e4der f\u00f6r AR-15, tillverkad i USA.<\/p>\n<\/div>\n","protected":false},"excerpt":{"rendered":"<p>USA-tillverkad AR-15 slutstyckssp\u00e4rrfj\u00e4der. Viktig, h\u00e5llbar reservdel.<\/p>\n","protected":false},"featured_media":496946,"template":"","meta":{"_acf_changed":false},"product_brand":[],"product_cat":[13002],"product_tag":[],"class_list":{"0":"post-537905","1":"product","2":"type-product","3":"status-publish","4":"has-post-thumbnail","6":"product_cat-gevaersjustering","8":"first","9":"instock","10":"taxable","11":"shipping-taxable","12":"purchasable","13":"product-type-simple"},"acf":[],"_links":{"self":[{"href":"https:\/\/staging.nbg.eu\/sv\/wp-json\/wp\/v2\/product\/537905","targetHints":{"allow":["GET"]}}],"collection":[{"href":"https:\/\/staging.nbg.eu\/sv\/wp-json\/wp\/v2\/product"}],"about":[{"href":"https:\/\/staging.nbg.eu\/sv\/wp-json\/wp\/v2\/types\/product"}],"wp:featuredmedia":[{"embeddable":true,"href":"https:\/\/staging.nbg.eu\/sv\/wp-json\/wp\/v2\/media\/496946"}],"wp:attachment":[{"href":"https:\/\/staging.nbg.eu\/sv\/wp-json\/wp\/v2\/media?parent=537905"}],"wp:term":[{"taxonomy":"product_brand","embeddable":true,"href":"https:\/\/staging.nbg.eu\/sv\/wp-json\/wp\/v2\/product_brand?post=537905"},{"taxonomy":"product_cat","embeddable":true,"href":"https:\/\/staging.nbg.eu\/sv\/wp-json\/wp\/v2\/product_cat?post=537905"},{"taxonomy":"product_tag","embeddable":true,"href":"https:\/\/staging.nbg.eu\/sv\/wp-json\/wp\/v2\/product_tag?post=537905"}],"curies":[{"name":"wp","href":"https:\/\/api.w.org\/{rel}","templated":true}]}}