{"id":535434,"date":"2025-09-04T23:53:51","date_gmt":"2025-09-04T20:53:51","guid":{"rendered":"https:\/\/staging.nbg.eu\/product\/law-tactical-llc-ar-15-m16-gen3-m-folding-stock-adapter-99312\/"},"modified":"2025-09-29T15:52:16","modified_gmt":"2025-09-29T12:52:16","slug":"law-tactical-llc-ar-15m16-gen3-m-vikbar-kolv-adapter-99312","status":"publish","type":"product","link":"https:\/\/staging.nbg.eu\/sv\/produkt\/law-tactical-llc-ar-15m16-gen3-m-vikbar-kolv-adapter-99312\/","title":{"rendered":"LAW TACTICAL LLC AR-15\/M16 Gen3-M Vikbar Kolv Adapter (99312)"},"content":{"rendered":"<h2>LAW TACTICAL LLC AR-15\/M16 Gen3-M Vikbar Kolv-adapter (99312)<\/h2>\n<p>En kompatibel vikbar kolv-adapter f\u00f6r AR-plattformen. Detta tillbeh\u00f6r fungerar med b\u00e5de direkta impingement- och gaskolvssystem, passar A2, karbin, mil-spec eller kommersiella buffertr\u00f6r och kolvar.<\/p>\n<ul>\n<li>Kompatibel med standard b\u00e4rande grupper (helautomatisk, halvautomatisk, 5,56 till .308)<\/li>\n<li>F\u00f6r transport med l\u00e5g profil<\/li>\n<li>Enkel enknappsfrig\u00f6ring f\u00f6r vikning<\/li>\n<li>Automatisk l\u00e5sning n\u00e4r den \u00e4r utvikt<\/li>\n<li>CNC-bearbetad av 4140-st\u00e5l<\/li>\n<li>Designad, byggd och monterad i USA<\/li>\n<li>Integrerad enpunkts slingf\u00e4ste<\/li>\n<\/ul>\n<p>\u00d6kar AR:ens m\u00e5ngsidighet utan att kompromissa med funktionen.<\/p>\n","protected":false},"excerpt":{"rendered":"<p>Kompakt AR-15\/M16 vikbar kolv-adapter f\u00f6r l\u00e5gprofilerad transport.<\/p>\n","protected":false},"featured_media":496065,"template":"","meta":{"_acf_changed":false},"product_brand":[],"product_cat":[13053,13002,13013],"product_tag":[],"class_list":{"0":"post-535434","1":"product","2":"type-product","3":"status-publish","4":"has-post-thumbnail","6":"product_cat-gevaer","7":"product_cat-gevaersjustering","8":"product_cat-gevaerskolvar","10":"first","11":"instock","12":"taxable","13":"shipping-taxable","14":"purchasable","15":"product-type-simple"},"acf":[],"_links":{"self":[{"href":"https:\/\/staging.nbg.eu\/sv\/wp-json\/wp\/v2\/product\/535434","targetHints":{"allow":["GET"]}}],"collection":[{"href":"https:\/\/staging.nbg.eu\/sv\/wp-json\/wp\/v2\/product"}],"about":[{"href":"https:\/\/staging.nbg.eu\/sv\/wp-json\/wp\/v2\/types\/product"}],"wp:featuredmedia":[{"embeddable":true,"href":"https:\/\/staging.nbg.eu\/sv\/wp-json\/wp\/v2\/media\/496065"}],"wp:attachment":[{"href":"https:\/\/staging.nbg.eu\/sv\/wp-json\/wp\/v2\/media?parent=535434"}],"wp:term":[{"taxonomy":"product_brand","embeddable":true,"href":"https:\/\/staging.nbg.eu\/sv\/wp-json\/wp\/v2\/product_brand?post=535434"},{"taxonomy":"product_cat","embeddable":true,"href":"https:\/\/staging.nbg.eu\/sv\/wp-json\/wp\/v2\/product_cat?post=535434"},{"taxonomy":"product_tag","embeddable":true,"href":"https:\/\/staging.nbg.eu\/sv\/wp-json\/wp\/v2\/product_tag?post=535434"}],"curies":[{"name":"wp","href":"https:\/\/api.w.org\/{rel}","templated":true}]}}