{"id":53542,"date":"2024-03-04T08:51:50","date_gmt":"2024-09-13T12:50:18","guid":{"rendered":"https:\/\/staging.nbg.eu\/product\/bore-tech-proof-positive-bore-stix-multiple-calibers\/"},"modified":"2024-09-13T12:51:28","modified_gmt":"2024-09-13T12:51:28","slug":"bore-tech-proof-positive-bore-stix-flera-kalibrar","status":"publish","type":"product","link":"https:\/\/staging.nbg.eu\/sv\/produkt\/bore-tech-proof-positive-bore-stix-flera-kalibrar\/","title":{"rendered":"Bore Tech Proof-Positive Bore Stix (Flera Kalibrar)"},"content":{"rendered":"<p>\n<strong>Bore Tech Proof-Positive Bore Stix (Flera kalibrar)<\/strong><br \/>\nBore Techs Proof-Positive Bore Stix\u2122 reng\u00f6ringsstavar. Egenskaper:<\/p>\n<ul>\n<li>Handtag med kullager<\/li>\n<li>Fritt flytande design f\u00f6r att f\u00f6lja r\u00e4fflorna<\/li>\n<li>F\u00e4rgkodade gummigrepp<\/li>\n<li>Utbytbar, pipv\u00e4nlig spets (ej m\u00e4ssing)<\/li>\n<li>St\u00e5lk\u00e4rna f\u00f6r stabilitet<\/li>\n<li>L\u00e5gfriktionsbel\u00e4ggning<\/li>\n<li>System f\u00f6r identifiering av pipans vridningsgrad<\/li>\n<\/ul>\n<p>Bore Tech Proof-Positive Bore Stix.<\/p>\n","protected":false},"excerpt":{"rendered":"<p>Precisionsreng\u00f6ringsst\u00e4nger med kullagerhandtag och utbytbara spetsar.<\/p>\n","protected":false},"featured_media":53543,"template":"","meta":{"_acf_changed":false},"product_brand":[11162],"product_cat":[12993,13034],"product_tag":[],"class_list":{"0":"post-53542","1":"product","2":"type-product","3":"status-publish","4":"has-post-thumbnail","6":"product_brand-boretech","7":"product_cat-rengoeringsstaenger","8":"product_cat-vapenrengoering","10":"first","11":"instock","12":"taxable","13":"shipping-taxable","14":"purchasable","15":"product-type-variable","16":"wvs-archive-product-wrapper"},"acf":[],"_links":{"self":[{"href":"https:\/\/staging.nbg.eu\/sv\/wp-json\/wp\/v2\/product\/53542","targetHints":{"allow":["GET"]}}],"collection":[{"href":"https:\/\/staging.nbg.eu\/sv\/wp-json\/wp\/v2\/product"}],"about":[{"href":"https:\/\/staging.nbg.eu\/sv\/wp-json\/wp\/v2\/types\/product"}],"wp:featuredmedia":[{"embeddable":true,"href":"https:\/\/staging.nbg.eu\/sv\/wp-json\/wp\/v2\/media\/53543"}],"wp:attachment":[{"href":"https:\/\/staging.nbg.eu\/sv\/wp-json\/wp\/v2\/media?parent=53542"}],"wp:term":[{"taxonomy":"product_brand","embeddable":true,"href":"https:\/\/staging.nbg.eu\/sv\/wp-json\/wp\/v2\/product_brand?post=53542"},{"taxonomy":"product_cat","embeddable":true,"href":"https:\/\/staging.nbg.eu\/sv\/wp-json\/wp\/v2\/product_cat?post=53542"},{"taxonomy":"product_tag","embeddable":true,"href":"https:\/\/staging.nbg.eu\/sv\/wp-json\/wp\/v2\/product_tag?post=53542"}],"curies":[{"name":"wp","href":"https:\/\/api.w.org\/{rel}","templated":true}]}}