{"id":535104,"date":"2025-09-04T20:17:18","date_gmt":"2025-09-04T17:17:18","guid":{"rendered":"https:\/\/staging.nbg.eu\/product\/sprinco-usa-308-m4-extension-tube-cs-xp-buffer-spring-in-hard-tube-25762-orange\/"},"modified":"2025-09-29T15:16:59","modified_gmt":"2025-09-29T12:16:59","slug":"sprinco-usa-308-m4-foerlaengningsroer-cs-xp-buffer-fjaeder-i-hart-roer-25762-orange","status":"publish","type":"product","link":"https:\/\/staging.nbg.eu\/sv\/produkt\/sprinco-usa-308-m4-foerlaengningsroer-cs-xp-buffer-fjaeder-i-hart-roer-25762-orange\/","title":{"rendered":"SPRINCO USA 308 M4 F\u00d6RL\u00c4NGNINGSR\u00d6R CS XP BUFFER FJ\u00c4DER I H\u00c5RT R\u00d6R (25762) Orange"},"content":{"rendered":"<div class=\"product-description\">\n<h2>SPRINCO USA 308 M4 f\u00f6rl\u00e4ngningsr\u00f6r CS XP buffertfj\u00e4der i h\u00e5rt r\u00f6r (25762) Orange<\/h2>\n<p>Denna buffertfj\u00e4der fr\u00e5n Sprinco USA \u00e4r utformad f\u00f6r stora karbiner och fungerar i flera konfigurationer:<\/p>\n<ul>\n<li>DPMS-m\u00f6nster .308 \/ 6.5 CM med standard 7&#8243; M4 buffertr\u00f6r och 2.5&#8243; kort buffert<\/li>\n<li>SR-25 \/ Armalite-m\u00f6nster karbiner med mellandjup och 3.25&#8243; buffertar<\/li>\n<li>Standard 7&#8243; M4-r\u00f6r i karbiner med \u00f6vergasning (5.56, 6.8 SPC, 6.5 Grendel, etc.)<\/li>\n<\/ul>\n<p>Buffertfj\u00e4dern \u00e4r f\u00f6rpackad i ett h\u00e5rt r\u00f6r f\u00f6r skydd under frakt och f\u00f6rvaring.<\/p>\n<\/div>\n","protected":false},"excerpt":{"rendered":"<p>M\u00e5ngsidig buffertfj\u00e4der f\u00f6r .308\/6,5 CM karbiner och \u00f6vergasade gev\u00e4r.<\/p>\n","protected":false},"featured_media":495558,"template":"","meta":{"_acf_changed":false},"product_brand":[],"product_cat":[13064,13053,13002],"product_tag":[],"class_list":{"0":"post-535104","1":"product","2":"type-product","3":"status-publish","4":"has-post-thumbnail","6":"product_cat-fjaedrar","7":"product_cat-gevaer","8":"product_cat-gevaersjustering","10":"first","11":"instock","12":"taxable","13":"shipping-taxable","14":"purchasable","15":"product-type-simple"},"acf":[],"_links":{"self":[{"href":"https:\/\/staging.nbg.eu\/sv\/wp-json\/wp\/v2\/product\/535104","targetHints":{"allow":["GET"]}}],"collection":[{"href":"https:\/\/staging.nbg.eu\/sv\/wp-json\/wp\/v2\/product"}],"about":[{"href":"https:\/\/staging.nbg.eu\/sv\/wp-json\/wp\/v2\/types\/product"}],"wp:featuredmedia":[{"embeddable":true,"href":"https:\/\/staging.nbg.eu\/sv\/wp-json\/wp\/v2\/media\/495558"}],"wp:attachment":[{"href":"https:\/\/staging.nbg.eu\/sv\/wp-json\/wp\/v2\/media?parent=535104"}],"wp:term":[{"taxonomy":"product_brand","embeddable":true,"href":"https:\/\/staging.nbg.eu\/sv\/wp-json\/wp\/v2\/product_brand?post=535104"},{"taxonomy":"product_cat","embeddable":true,"href":"https:\/\/staging.nbg.eu\/sv\/wp-json\/wp\/v2\/product_cat?post=535104"},{"taxonomy":"product_tag","embeddable":true,"href":"https:\/\/staging.nbg.eu\/sv\/wp-json\/wp\/v2\/product_tag?post=535104"}],"curies":[{"name":"wp","href":"https:\/\/api.w.org\/{rel}","templated":true}]}}