{"id":534772,"date":"2025-09-04T20:17:18","date_gmt":"2025-09-04T17:17:18","guid":{"rendered":"https:\/\/staging.nbg.eu\/product\/law-tactical-llc-ar-15-m16-gen3-m-folding-stock-adapter-fde-99313\/"},"modified":"2025-09-29T13:46:46","modified_gmt":"2025-09-29T10:46:46","slug":"law-tactical-llc-ar-15m16-gen3-m-vikbar-kolv-adapter-fde-99313","status":"publish","type":"product","link":"https:\/\/staging.nbg.eu\/sv\/produkt\/law-tactical-llc-ar-15m16-gen3-m-vikbar-kolv-adapter-fde-99313\/","title":{"rendered":"LAW TACTICAL LLC AR-15\/M16 Gen3-M Vikbar Kolv Adapter FDE (99313)"},"content":{"rendered":"<div class=\"product-description\">\n<h2>LAW TACTICAL LLC AR-15\/M16 Gen3-M Vikbar Kolv Adapter FDE (99313)<\/h2>\n<p>LAW TACTICAL Gen3-M Vikbar Kolv Adapter till\u00e5ter installation av en vikbar kolv p\u00e5 AR-15, vilket skapar ett kompakt gev\u00e4r f\u00f6r fordonsanv\u00e4ndning eller diskret transport. Tillverkad i USA.<\/p>\n<ul>\n<li>Kompatibel med standard gas\u00e5terlednings- och gaskolvssystem<\/li>\n<li>Passar A2, mil-spec M4-stil och kommersiella karbinmottagarf\u00f6rl\u00e4ngningsr\u00f6r<\/li>\n<li>Fungerar med standard slutstyckesgrupper, inklusive helautomatiska och .308-storlek<\/li>\n<li>Enknappsfunktion f\u00f6r snabb vikning och utf\u00e4llning<\/li>\n<li>Justerbar g\u00e5ngsp\u00e4nning<\/li>\n<li>DLC-bel\u00e4ggning<\/li>\n<li>L\u00e4gger till 1,3&#8243; till kolvstr\u00e4ckan<\/li>\n<li>Vikt: 8,5 oz<\/li>\n<\/ul>\n<p><strong>Obs:<\/strong> Skjut inte med gev\u00e4ret n\u00e4r kolven \u00e4r vikt. Kompatibel endast med Centerfire och Mil-Spec-b\u00e4rare eller kompatibla AR 9mm-slutstycken.<\/p>\n<\/div>\n","protected":false},"excerpt":{"rendered":"<p>Kompakt AR-15 f\u00e4llbar stockadapter f\u00f6r enkel transport och f\u00f6rvaring.<\/p>\n","protected":false},"featured_media":495394,"template":"","meta":{"_acf_changed":false},"product_brand":[],"product_cat":[13053,13002,13013],"product_tag":[],"class_list":{"0":"post-534772","1":"product","2":"type-product","3":"status-publish","4":"has-post-thumbnail","6":"product_cat-gevaer","7":"product_cat-gevaersjustering","8":"product_cat-gevaerskolvar","10":"first","11":"instock","12":"taxable","13":"shipping-taxable","14":"purchasable","15":"product-type-simple"},"acf":[],"_links":{"self":[{"href":"https:\/\/staging.nbg.eu\/sv\/wp-json\/wp\/v2\/product\/534772","targetHints":{"allow":["GET"]}}],"collection":[{"href":"https:\/\/staging.nbg.eu\/sv\/wp-json\/wp\/v2\/product"}],"about":[{"href":"https:\/\/staging.nbg.eu\/sv\/wp-json\/wp\/v2\/types\/product"}],"wp:featuredmedia":[{"embeddable":true,"href":"https:\/\/staging.nbg.eu\/sv\/wp-json\/wp\/v2\/media\/495394"}],"wp:attachment":[{"href":"https:\/\/staging.nbg.eu\/sv\/wp-json\/wp\/v2\/media?parent=534772"}],"wp:term":[{"taxonomy":"product_brand","embeddable":true,"href":"https:\/\/staging.nbg.eu\/sv\/wp-json\/wp\/v2\/product_brand?post=534772"},{"taxonomy":"product_cat","embeddable":true,"href":"https:\/\/staging.nbg.eu\/sv\/wp-json\/wp\/v2\/product_cat?post=534772"},{"taxonomy":"product_tag","embeddable":true,"href":"https:\/\/staging.nbg.eu\/sv\/wp-json\/wp\/v2\/product_tag?post=534772"}],"curies":[{"name":"wp","href":"https:\/\/api.w.org\/{rel}","templated":true}]}}