{"id":533893,"date":"2025-09-04T18:48:24","date_gmt":"2025-09-04T15:48:24","guid":{"rendered":"https:\/\/staging.nbg.eu\/product\/utg-h2-hard-coat-heavy-recoil-buffer-ar-15-m4-m16-rb-t6bfh2\/"},"modified":"2025-09-29T11:13:07","modified_gmt":"2025-09-29T08:13:07","slug":"utg-h2-hardbelagd-tung-rekyl-buffer-ar-15-m4-m16-rb-t6bfh2","status":"publish","type":"product","link":"https:\/\/staging.nbg.eu\/sv\/produkt\/utg-h2-hardbelagd-tung-rekyl-buffer-ar-15-m4-m16-rb-t6bfh2\/","title":{"rendered":"UTG &#8211; H2 H\u00e5rdbelagd Tung Rekyl Buffer &#8211; AR-15 \/ M4 \/ M16 &#8211; RB-T6BFH2"},"content":{"rendered":"<div class=\"product-description\">\n<h2>UTG &#8211; H2 H\u00e5rd Bel\u00e4ggning Rekylbuffert &#8211; AR-15 \/ M4 \/ M16<\/h2>\n<p>Denna rekylbuffert f\u00f6r AR-15 plattformen har f\u00f6ljande egenskaper:<\/p>\n<ul>\n<li>2 tunga volframvikter och 1 st\u00e5lvikt f\u00f6r j\u00e4mnare cykel och f\u00f6rb\u00e4ttrad tillf\u00f6rlitlighet<\/li>\n<li>F\u00f6rst\u00e4rkt bufferthus med h\u00e5rd anodisering f\u00f6r h\u00e5llbarhet<\/li>\n<li>T\u00e4tpassande buffertd\u00e4mpare f\u00f6r optimal prestanda<\/li>\n<li>Totalvikt: 4,6 oz<\/li>\n<\/ul>\n<p>Kompatibel med AR-15, M4 och M16 modeller. Denna mattsvarta buffert \u00e4r utformad f\u00f6r att minska rekyl. Kombinationen av volfram, st\u00e5l och aluminium s\u00e4kerst\u00e4ller h\u00e5llbarhet och konsekvent prestanda.<\/p>\n<\/div>\n","protected":false},"excerpt":{"rendered":"<p>UTG H2 Heavy Recoil Buffer: J\u00e4mnare cykler f\u00f6r AR-15-karbiner.<\/p>\n","protected":false},"featured_media":494378,"template":"","meta":{"_acf_changed":false},"product_brand":[],"product_cat":[13002],"product_tag":[],"class_list":{"0":"post-533893","1":"product","2":"type-product","3":"status-publish","4":"has-post-thumbnail","6":"product_cat-gevaersjustering","8":"first","9":"instock","10":"taxable","11":"shipping-taxable","12":"purchasable","13":"product-type-simple"},"acf":[],"_links":{"self":[{"href":"https:\/\/staging.nbg.eu\/sv\/wp-json\/wp\/v2\/product\/533893","targetHints":{"allow":["GET"]}}],"collection":[{"href":"https:\/\/staging.nbg.eu\/sv\/wp-json\/wp\/v2\/product"}],"about":[{"href":"https:\/\/staging.nbg.eu\/sv\/wp-json\/wp\/v2\/types\/product"}],"wp:featuredmedia":[{"embeddable":true,"href":"https:\/\/staging.nbg.eu\/sv\/wp-json\/wp\/v2\/media\/494378"}],"wp:attachment":[{"href":"https:\/\/staging.nbg.eu\/sv\/wp-json\/wp\/v2\/media?parent=533893"}],"wp:term":[{"taxonomy":"product_brand","embeddable":true,"href":"https:\/\/staging.nbg.eu\/sv\/wp-json\/wp\/v2\/product_brand?post=533893"},{"taxonomy":"product_cat","embeddable":true,"href":"https:\/\/staging.nbg.eu\/sv\/wp-json\/wp\/v2\/product_cat?post=533893"},{"taxonomy":"product_tag","embeddable":true,"href":"https:\/\/staging.nbg.eu\/sv\/wp-json\/wp\/v2\/product_tag?post=533893"}],"curies":[{"name":"wp","href":"https:\/\/api.w.org\/{rel}","templated":true}]}}