{"id":533783,"date":"2025-09-04T18:48:23","date_gmt":"2025-09-04T15:48:23","guid":{"rendered":"https:\/\/staging.nbg.eu\/product\/utg-h3-carbine-buffer-ar15-m4-rb-t6bfh3\/"},"modified":"2025-09-29T11:04:18","modified_gmt":"2025-09-29T08:04:18","slug":"utg-h3-karbin-buffer-ar15-m4-rb-t6bfh3","status":"publish","type":"product","link":"https:\/\/staging.nbg.eu\/sv\/produkt\/utg-h3-karbin-buffer-ar15-m4-rb-t6bfh3\/","title":{"rendered":"UTG &#8211; H3 Karbin Buffer &#8211; AR15 \/ M4 &#8211; RB-T6BFH3"},"content":{"rendered":"<div class=\"product-description\">\n<h2>UTG &#8211; H3 Karbinbuffert &#8211; AR15 \/ M4 &#8211; RB-T6BFH3<\/h2>\n<p>Leapers UTG H3 rekylbuffert f\u00f6r AR15. Denna buffert har f\u00f6ljande egenskaper:<\/p>\n<ul>\n<li>3 tunga volframvikter<\/li>\n<li>F\u00f6rst\u00e4rkt 6061-T6 aluminiumkropp med anodiserad yta<\/li>\n<li>T\u00e4ttpassande \u00e4ndst\u00f6td\u00e4mpare<\/li>\n<li>\u00d6kar uppeh\u00e5llstiden och underl\u00e4ttar extraktion<\/li>\n<li>Minskar upplevd rekyl<\/li>\n<li>Kan f\u00f6rb\u00e4ttra precision med n\u00e5got tyngre kalibrar<\/li>\n<\/ul>\n<p>Bufferten v\u00e4ger 153 gram och \u00e4r utformad f\u00f6r AR-plattformen. Den kan g\u00f6ra skjutningen bekv\u00e4mare och potentiellt \u00f6ka precisionen.<\/p>\n","protected":false},"excerpt":{"rendered":"<p>UTG H3 karbinbuffert: Minskar rekyl, f\u00f6rb\u00e4ttrar komforten f\u00f6r AR15\/M4.<\/p>\n","protected":false},"featured_media":494330,"template":"","meta":{"_acf_changed":false},"product_brand":[],"product_cat":[13002],"product_tag":[],"class_list":{"0":"post-533783","1":"product","2":"type-product","3":"status-publish","4":"has-post-thumbnail","6":"product_cat-gevaersjustering","8":"first","9":"instock","10":"taxable","11":"shipping-taxable","12":"purchasable","13":"product-type-simple"},"acf":[],"_links":{"self":[{"href":"https:\/\/staging.nbg.eu\/sv\/wp-json\/wp\/v2\/product\/533783","targetHints":{"allow":["GET"]}}],"collection":[{"href":"https:\/\/staging.nbg.eu\/sv\/wp-json\/wp\/v2\/product"}],"about":[{"href":"https:\/\/staging.nbg.eu\/sv\/wp-json\/wp\/v2\/types\/product"}],"wp:featuredmedia":[{"embeddable":true,"href":"https:\/\/staging.nbg.eu\/sv\/wp-json\/wp\/v2\/media\/494330"}],"wp:attachment":[{"href":"https:\/\/staging.nbg.eu\/sv\/wp-json\/wp\/v2\/media?parent=533783"}],"wp:term":[{"taxonomy":"product_brand","embeddable":true,"href":"https:\/\/staging.nbg.eu\/sv\/wp-json\/wp\/v2\/product_brand?post=533783"},{"taxonomy":"product_cat","embeddable":true,"href":"https:\/\/staging.nbg.eu\/sv\/wp-json\/wp\/v2\/product_cat?post=533783"},{"taxonomy":"product_tag","embeddable":true,"href":"https:\/\/staging.nbg.eu\/sv\/wp-json\/wp\/v2\/product_tag?post=533783"}],"curies":[{"name":"wp","href":"https:\/\/api.w.org\/{rel}","templated":true}]}}