{"id":533045,"date":"2025-09-04T18:25:08","date_gmt":"2025-09-04T15:25:08","guid":{"rendered":"https:\/\/staging.nbg.eu\/product\/ftcs-gas-tube-cover-oblong-holes-ak-cerakote-black-nr-30\/"},"modified":"2025-09-29T10:10:58","modified_gmt":"2025-09-29T07:10:58","slug":"ftcs-gasroershuv-oblonga-hal-ak-cerakote-svart-nr-30","status":"publish","type":"product","link":"https:\/\/staging.nbg.eu\/sv\/produkt\/ftcs-gasroershuv-oblonga-hal-ak-cerakote-svart-nr-30\/","title":{"rendered":"FTCS &#8211; Gasr\u00f6rshuv &#8211; Oblonga H\u00e5l &#8211; AK &#8211; Cerakote &#8211; Svart &#8211; Nr. 30"},"content":{"rendered":"<div class=\"product-description\">\n<h2>FTCS Gasr\u00f6rk\u00e5pa &#8211; Avl\u00e5nga h\u00e5l &#8211; AK &#8211; Cerakote Svart &#8211; Nr. 30<\/h2>\n<p>FTCS Gasr\u00f6rk\u00e5pa f\u00f6r AK har f\u00f6ljande egenskaper:<\/p>\n<ul>\n<li>Cerakote Svart ytbehandling f\u00f6r korrosionsbest\u00e4ndighet<\/li>\n<li>Avl\u00e5nga h\u00e5l f\u00f6r v\u00e4rmeavledning<\/li>\n<li>Kompatibel med de flesta AK-modeller<\/li>\n<li>Enkel installation utan vapensmide<\/li>\n<li>Minskar upplevd v\u00e4rme vid l\u00e4ngre skjutperioder<\/li>\n<li>Passar taktiska konfigurationer<\/li>\n<\/ul>\n<p>FTCS Gasr\u00f6rk\u00e5pa Nr. 30 f\u00f6r AK ger f\u00f6rb\u00e4ttrad prestanda och ett anpassat utseende.<\/p>\n<\/div>\n","protected":false},"excerpt":{"rendered":"<p>AK gastubsskydd med avl\u00e5nga h\u00e5l. Svart Cerakote-finish. #30.<\/p>\n","protected":false},"featured_media":494070,"template":"","meta":{"_acf_changed":false},"product_brand":[11323],"product_cat":[12987,13053,13002],"product_tag":[],"class_list":{"0":"post-533045","1":"product","2":"type-product","3":"status-publish","4":"has-post-thumbnail","6":"product_brand-ftcs","7":"product_cat-ak-justering","8":"product_cat-gevaer","9":"product_cat-gevaersjustering","11":"first","12":"instock","13":"taxable","14":"shipping-taxable","15":"purchasable","16":"product-type-simple"},"acf":[],"_links":{"self":[{"href":"https:\/\/staging.nbg.eu\/sv\/wp-json\/wp\/v2\/product\/533045","targetHints":{"allow":["GET"]}}],"collection":[{"href":"https:\/\/staging.nbg.eu\/sv\/wp-json\/wp\/v2\/product"}],"about":[{"href":"https:\/\/staging.nbg.eu\/sv\/wp-json\/wp\/v2\/types\/product"}],"wp:featuredmedia":[{"embeddable":true,"href":"https:\/\/staging.nbg.eu\/sv\/wp-json\/wp\/v2\/media\/494070"}],"wp:attachment":[{"href":"https:\/\/staging.nbg.eu\/sv\/wp-json\/wp\/v2\/media?parent=533045"}],"wp:term":[{"taxonomy":"product_brand","embeddable":true,"href":"https:\/\/staging.nbg.eu\/sv\/wp-json\/wp\/v2\/product_brand?post=533045"},{"taxonomy":"product_cat","embeddable":true,"href":"https:\/\/staging.nbg.eu\/sv\/wp-json\/wp\/v2\/product_cat?post=533045"},{"taxonomy":"product_tag","embeddable":true,"href":"https:\/\/staging.nbg.eu\/sv\/wp-json\/wp\/v2\/product_tag?post=533045"}],"curies":[{"name":"wp","href":"https:\/\/api.w.org\/{rel}","templated":true}]}}