{"id":532773,"date":"2025-09-04T17:51:31","date_gmt":"2025-09-04T14:51:31","guid":{"rendered":"https:\/\/staging.nbg.eu\/product\/strike-industries-mass-driver-comp-for-glock-17-gen4\/"},"modified":"2025-09-29T09:50:18","modified_gmt":"2025-09-29T06:50:18","slug":"strike-industries-mass-driver-comp-foer-glock-17-gen4","status":"publish","type":"product","link":"https:\/\/staging.nbg.eu\/sv\/produkt\/strike-industries-mass-driver-comp-foer-glock-17-gen4\/","title":{"rendered":"Strike Industries &#8211; Mass Driver Comp f\u00f6r Glock 17 Gen4"},"content":{"rendered":"<h2>Strike Industries &#8211; Mass Driver Comp f\u00f6r Glock 17 Gen4<\/h2>\n<p>Strike Industries Mass Driver Compensator (MDC) f\u00f6r Glock 17 Gen4 \u00e4r en kompensator som minskar mekaniskt rekyl utan att p\u00e5verka p\u00e5litligheten i cykeln.<\/p>\n<h2>Huvudegenskaper:<\/h2>\n<ul>\n<li>Separeras fr\u00e5n driftskomponenter efter ant\u00e4ndning<\/li>\n<li>Uppr\u00e4tth\u00e5ller n\u00e4ra standardcykliska hastigheter<\/li>\n<li>Minskar reciprokerande massa<\/li>\n<li>Utvidgad borrning f\u00f6r att minimera baffeltr\u00e4ffar och nyckelh\u00e5lsbildning<\/li>\n<li>2,5 mm avlastningssk\u00e4r f\u00f6r att f\u00f6rhindra glidskador<\/li>\n<li>Kompatibel med de flesta eftermarknads g\u00e4ngade pipor<\/li>\n<li>Passar GLOCK\u2122 GEN3, GEN4 och GEN5 G17 glider<\/li>\n<li>Fungerar med de flesta \u00f6ppna h\u00f6lster<\/li>\n<\/ul>\n<p><strong>Obs:<\/strong> Rekommenderat vridmoment f\u00f6r styrst\u00e5ngsmutter: 25 lbs\/in. Anv\u00e4ndning av +P och +P+ ammunition kan orsaka f\u00f6rtida slitage.<\/p>\n","protected":false},"excerpt":{"rendered":"<p>Revolutionerande kompensatordesign f\u00f6r minskad rekyl och snabbare omladdning.<\/p>\n","protected":false},"featured_media":493847,"template":"","meta":{"_acf_changed":false},"product_brand":[],"product_cat":[13010,13054],"product_tag":[],"class_list":{"0":"post-532773","1":"product","2":"type-product","3":"status-publish","4":"has-post-thumbnail","6":"product_cat-pistol","7":"product_cat-pistoldelar","9":"first","10":"instock","11":"taxable","12":"shipping-taxable","13":"purchasable","14":"product-type-simple"},"acf":[],"_links":{"self":[{"href":"https:\/\/staging.nbg.eu\/sv\/wp-json\/wp\/v2\/product\/532773","targetHints":{"allow":["GET"]}}],"collection":[{"href":"https:\/\/staging.nbg.eu\/sv\/wp-json\/wp\/v2\/product"}],"about":[{"href":"https:\/\/staging.nbg.eu\/sv\/wp-json\/wp\/v2\/types\/product"}],"wp:featuredmedia":[{"embeddable":true,"href":"https:\/\/staging.nbg.eu\/sv\/wp-json\/wp\/v2\/media\/493847"}],"wp:attachment":[{"href":"https:\/\/staging.nbg.eu\/sv\/wp-json\/wp\/v2\/media?parent=532773"}],"wp:term":[{"taxonomy":"product_brand","embeddable":true,"href":"https:\/\/staging.nbg.eu\/sv\/wp-json\/wp\/v2\/product_brand?post=532773"},{"taxonomy":"product_cat","embeddable":true,"href":"https:\/\/staging.nbg.eu\/sv\/wp-json\/wp\/v2\/product_cat?post=532773"},{"taxonomy":"product_tag","embeddable":true,"href":"https:\/\/staging.nbg.eu\/sv\/wp-json\/wp\/v2\/product_tag?post=532773"}],"curies":[{"name":"wp","href":"https:\/\/api.w.org\/{rel}","templated":true}]}}