{"id":532667,"date":"2025-09-04T17:51:31","date_gmt":"2025-09-04T14:51:31","guid":{"rendered":"https:\/\/staging.nbg.eu\/product\/strike-industries-mass-driver-comp-for-glock-17-gen5-black-si-g5-mdcomp-s\/"},"modified":"2025-09-29T09:41:52","modified_gmt":"2025-09-29T06:41:52","slug":"strike-industries-mass-driver-comp-foer-glock-17-gen5-svart-si-g5-mdcomp-s","status":"publish","type":"product","link":"https:\/\/staging.nbg.eu\/sv\/produkt\/strike-industries-mass-driver-comp-foer-glock-17-gen5-svart-si-g5-mdcomp-s\/","title":{"rendered":"Strike Industries &#8211; Mass Driver Comp f\u00f6r Glock 17 Gen5 &#8211; Svart &#8211; SI-G5-MDCOMP-S"},"content":{"rendered":"<h2>Strike Industries Mass Driver Comp f\u00f6r Glock 17 Gen5 &#8211; Svart<\/h2>\n<p>Strike Industries Mass Driver Compensator (MDC) f\u00f6r Glock 17 Gen5. Designen \u00e4r inspirerad av teoretiska massdrivarreaktorer inom rymdresor.<\/p>\n<ul>\n<li>D\u00e4mpar mekaniskt rekyl utan att p\u00e5verka cykelhastigheten<\/li>\n<li>Minskar reciprokerande massa f\u00f6r f\u00f6rb\u00e4ttrad prestanda<\/li>\n<li>Utvidgat lopp f\u00f6r att f\u00f6rhindra baffeltr\u00e4ffar och nyckelh\u00e5lsbildning<\/li>\n<li>2,5 mm avlastningssk\u00e4rning f\u00f6r att skydda pistolsliden<\/li>\n<li>Kompatibel med de flesta eftermarknads g\u00e4ngade pipor<\/li>\n<li>Passar GLOCK\u2122 GEN3, GEN4 och GEN5 G19 &amp; G17 slides<\/li>\n<li>Fungerar med de flesta \u00f6ppna h\u00f6lster som rymmer kompensatorer<\/li>\n<\/ul>\n<p><strong>Obs:<\/strong> Rekommenderat vridmoment f\u00f6r styrst\u00e5ngsmutter: 25 lbs\/in. Anv\u00e4ndning med +P och +P+ ammunition kan orsaka f\u00f6rtida slitage.<\/p>\n","protected":false},"excerpt":{"rendered":"<p>Strike Industries MDC: Revolutionerande rekylminskning f\u00f6r Glock 17 Gen5.<\/p>\n","protected":false},"featured_media":493801,"template":"","meta":{"_acf_changed":false},"product_brand":[],"product_cat":[13010,13054],"product_tag":[],"class_list":{"0":"post-532667","1":"product","2":"type-product","3":"status-publish","4":"has-post-thumbnail","6":"product_cat-pistol","7":"product_cat-pistoldelar","9":"first","10":"instock","11":"taxable","12":"shipping-taxable","13":"purchasable","14":"product-type-simple"},"acf":[],"_links":{"self":[{"href":"https:\/\/staging.nbg.eu\/sv\/wp-json\/wp\/v2\/product\/532667","targetHints":{"allow":["GET"]}}],"collection":[{"href":"https:\/\/staging.nbg.eu\/sv\/wp-json\/wp\/v2\/product"}],"about":[{"href":"https:\/\/staging.nbg.eu\/sv\/wp-json\/wp\/v2\/types\/product"}],"wp:featuredmedia":[{"embeddable":true,"href":"https:\/\/staging.nbg.eu\/sv\/wp-json\/wp\/v2\/media\/493801"}],"wp:attachment":[{"href":"https:\/\/staging.nbg.eu\/sv\/wp-json\/wp\/v2\/media?parent=532667"}],"wp:term":[{"taxonomy":"product_brand","embeddable":true,"href":"https:\/\/staging.nbg.eu\/sv\/wp-json\/wp\/v2\/product_brand?post=532667"},{"taxonomy":"product_cat","embeddable":true,"href":"https:\/\/staging.nbg.eu\/sv\/wp-json\/wp\/v2\/product_cat?post=532667"},{"taxonomy":"product_tag","embeddable":true,"href":"https:\/\/staging.nbg.eu\/sv\/wp-json\/wp\/v2\/product_tag?post=532667"}],"curies":[{"name":"wp","href":"https:\/\/api.w.org\/{rel}","templated":true}]}}