{"id":531325,"date":"2025-09-04T17:51:30","date_gmt":"2025-09-04T14:51:30","guid":{"rendered":"https:\/\/staging.nbg.eu\/product\/strike-industries-mass-driver-comp-for-glock-19-gen4\/"},"modified":"2025-09-26T17:55:59","modified_gmt":"2025-09-26T14:55:59","slug":"strike-industries-mass-driver-komp-foer-glock-19-gen4","status":"publish","type":"product","link":"https:\/\/staging.nbg.eu\/sv\/produkt\/strike-industries-mass-driver-komp-foer-glock-19-gen4\/","title":{"rendered":"Strike Industries &#8211; Mass Driver Komp f\u00f6r Glock 19 Gen4"},"content":{"rendered":"<h2>Strike Industries Mass Driver Kompensator f\u00f6r Glock 19 Gen4<\/h2>\n<p>Strike Industries Mass Driver Kompensator (MDC) f\u00f6r Glock 19 Gen4 erbjuder:<\/p>\n<ul>\n<li>Minskad mekanisk rekyl genom motviktssystem<\/li>\n<li>N\u00e4ra standardhastigheter f\u00f6r p\u00e5litlig funktion<\/li>\n<li>Utvidgad mynning f\u00f6r att f\u00f6rhindra baffeltr\u00e4ffar och nyckelh\u00e5lsskjutning<\/li>\n<li>2,5 mm avlastningssk\u00e4rning f\u00f6r att skydda slideframsidan<\/li>\n<li>Kompatibel med de flesta eftermarknads g\u00e4ngade pipor<\/li>\n<li>Passar Gen3, Gen4 och Gen5 G19 och G17 slides<\/li>\n<li>Fungerar med \u00f6ppna h\u00f6lster anpassade f\u00f6r kompensatorer<\/li>\n<\/ul>\n<p>Obs: 25 lbs\/tum vridmoment rekommenderas f\u00f6r styrst\u00e5ngens mutter. Anv\u00e4ndning av +P och +P+ ammunition kan orsaka f\u00f6rtida slitage.<\/p>\n","protected":false},"excerpt":{"rendered":"<p>Revolutionerande kompensator f\u00f6r Glock 19 Gen4. Minskar rekyl och pipans upp\u00e5triktade r\u00f6relse.<\/p>\n","protected":false},"featured_media":493685,"template":"","meta":{"_acf_changed":false},"product_brand":[],"product_cat":[13069],"product_tag":[],"class_list":{"0":"post-531325","1":"product","2":"type-product","3":"status-publish","4":"has-post-thumbnail","6":"product_cat-okategoriserad","8":"first","9":"instock","10":"taxable","11":"shipping-taxable","12":"purchasable","13":"product-type-simple"},"acf":[],"_links":{"self":[{"href":"https:\/\/staging.nbg.eu\/sv\/wp-json\/wp\/v2\/product\/531325","targetHints":{"allow":["GET"]}}],"collection":[{"href":"https:\/\/staging.nbg.eu\/sv\/wp-json\/wp\/v2\/product"}],"about":[{"href":"https:\/\/staging.nbg.eu\/sv\/wp-json\/wp\/v2\/types\/product"}],"wp:featuredmedia":[{"embeddable":true,"href":"https:\/\/staging.nbg.eu\/sv\/wp-json\/wp\/v2\/media\/493685"}],"wp:attachment":[{"href":"https:\/\/staging.nbg.eu\/sv\/wp-json\/wp\/v2\/media?parent=531325"}],"wp:term":[{"taxonomy":"product_brand","embeddable":true,"href":"https:\/\/staging.nbg.eu\/sv\/wp-json\/wp\/v2\/product_brand?post=531325"},{"taxonomy":"product_cat","embeddable":true,"href":"https:\/\/staging.nbg.eu\/sv\/wp-json\/wp\/v2\/product_cat?post=531325"},{"taxonomy":"product_tag","embeddable":true,"href":"https:\/\/staging.nbg.eu\/sv\/wp-json\/wp\/v2\/product_tag?post=531325"}],"curies":[{"name":"wp","href":"https:\/\/api.w.org\/{rel}","templated":true}]}}