{"id":531102,"date":"2025-09-04T17:50:56","date_gmt":"2025-09-04T14:50:56","guid":{"rendered":"https:\/\/staging.nbg.eu\/product\/wbp-rogow-mounting-kit-for-enlarged-magazine-latch-ak-akm-ak-74\/"},"modified":"2025-09-26T16:31:15","modified_gmt":"2025-09-26T13:31:15","slug":"wbp-rogow-monteringssats-foer-foerstorrad-magasinspaerr-ak-akm-ak-74","status":"publish","type":"product","link":"https:\/\/staging.nbg.eu\/sv\/produkt\/wbp-rogow-monteringssats-foer-foerstorrad-magasinspaerr-ak-akm-ak-74\/","title":{"rendered":"WBP Rog\u00f3w &#8211; Monteringssats f\u00f6r F\u00f6rstorrad Magasinsp\u00e4rr &#8211; AK \/ AKM \/ AK-74"},"content":{"rendered":"<h2>WBP Rog\u00f3w &#8211; Monteringssats f\u00f6r f\u00f6rstorad magasinsp\u00e4rr &#8211; AK \/ AKM \/ AK-74<\/h2>\n<p>Denna f\u00f6rstorade magasinsp\u00e4rr monteringssats fr\u00e5n WBP Rog\u00f3w \u00e4r designad f\u00f6r AK-plattformens gev\u00e4r. Satsen \u00e4r utformad f\u00f6r snabb och enkel installation och passar olika gev\u00e4r i AK-familjen.<\/p>\n<h2>Huvudegenskaper:<\/h2>\n<ul>\n<li>F\u00f6rstorad yta f\u00f6r enklare magasinlossning<\/li>\n<li>Kompatibel med popul\u00e4ra AK-, AKM- och AK-74-modeller<\/li>\n<li>Underl\u00e4ttar snabbare omladdning<\/li>\n<li>Inkluderar fj\u00e4der och piv\u00e5stift<\/li>\n<li>Tillverkad av h\u00e5llbart oxiderat st\u00e5l<\/li>\n<li>Svart finish<\/li>\n<\/ul>\n<p>M\u00e5tt: 51 x 24 x 15 mm<br \/>\nVikt: 16 g<\/p>\n<p>Uppgradera ditt AK-gev\u00e4r med denna magasinsp\u00e4rr f\u00f6r f\u00f6rb\u00e4ttrad funktion.<\/p>\n","protected":false},"excerpt":{"rendered":"<p>F\u00f6rstorat magasinsp\u00e4rrsats f\u00f6r AK. Enkel att installera, f\u00f6rb\u00e4ttrad ergonomi. St\u00e5l, svart.<\/p>\n","protected":false},"featured_media":493616,"template":"","meta":{"_acf_changed":false},"product_brand":[],"product_cat":[13069],"product_tag":[],"class_list":{"0":"post-531102","1":"product","2":"type-product","3":"status-publish","4":"has-post-thumbnail","6":"product_cat-okategoriserad","8":"first","9":"instock","10":"taxable","11":"shipping-taxable","12":"purchasable","13":"product-type-simple"},"acf":[],"_links":{"self":[{"href":"https:\/\/staging.nbg.eu\/sv\/wp-json\/wp\/v2\/product\/531102","targetHints":{"allow":["GET"]}}],"collection":[{"href":"https:\/\/staging.nbg.eu\/sv\/wp-json\/wp\/v2\/product"}],"about":[{"href":"https:\/\/staging.nbg.eu\/sv\/wp-json\/wp\/v2\/types\/product"}],"wp:featuredmedia":[{"embeddable":true,"href":"https:\/\/staging.nbg.eu\/sv\/wp-json\/wp\/v2\/media\/493616"}],"wp:attachment":[{"href":"https:\/\/staging.nbg.eu\/sv\/wp-json\/wp\/v2\/media?parent=531102"}],"wp:term":[{"taxonomy":"product_brand","embeddable":true,"href":"https:\/\/staging.nbg.eu\/sv\/wp-json\/wp\/v2\/product_brand?post=531102"},{"taxonomy":"product_cat","embeddable":true,"href":"https:\/\/staging.nbg.eu\/sv\/wp-json\/wp\/v2\/product_cat?post=531102"},{"taxonomy":"product_tag","embeddable":true,"href":"https:\/\/staging.nbg.eu\/sv\/wp-json\/wp\/v2\/product_tag?post=531102"}],"curies":[{"name":"wp","href":"https:\/\/api.w.org\/{rel}","templated":true}]}}