{"id":53100,"date":"2024-03-08T06:59:20","date_gmt":"2024-09-13T12:46:52","guid":{"rendered":"https:\/\/staging.nbg.eu\/product\/bore-tech-shotgun-blend\/"},"modified":"2024-09-13T12:47:59","modified_gmt":"2024-09-13T12:47:59","slug":"bore-tech-shotgun-blend","status":"publish","type":"product","link":"https:\/\/staging.nbg.eu\/sv\/produkt\/bore-tech-shotgun-blend\/","title":{"rendered":"Bore Tech Shotgun Blend"},"content":{"rendered":"<p>\nBore Techs Shotgun Blend \u00e4r ett ammoniakfritt reng\u00f6ringsmedel f\u00f6r gev\u00e4rspipor avsett f\u00f6r moderna skyttar. Denna biologiskt nedbrytbara formula avl\u00e4gsnar bly, krut och plastrester fr\u00e5n pipor, \u00f6verg\u00e5ngskoner och choke-r\u00f6r. Den \u00e4r s\u00e4ker, luktfri och anv\u00e4ndarv\u00e4nlig. Reng\u00f6ringsresultatet kan ses p\u00e5 putslapparna.<\/p>\n","protected":false},"excerpt":{"rendered":"<p>Kraftfullt reng\u00f6ringsmedel f\u00f6r pipor avl\u00e4gsnar s\u00e4kert rester av bly, kol och plast.<\/p>\n","protected":false},"featured_media":53101,"template":"","meta":{"_acf_changed":false},"product_brand":[11162],"product_cat":[13048,13034],"product_tag":[],"class_list":{"0":"post-53100","1":"product","2":"type-product","3":"status-publish","4":"has-post-thumbnail","6":"product_brand-boretech","7":"product_cat-rengoeringsmedel","8":"product_cat-vapenrengoering","10":"first","11":"instock","12":"taxable","13":"shipping-taxable","14":"purchasable","15":"product-type-variable","16":"wvs-archive-product-wrapper"},"acf":[],"_links":{"self":[{"href":"https:\/\/staging.nbg.eu\/sv\/wp-json\/wp\/v2\/product\/53100","targetHints":{"allow":["GET"]}}],"collection":[{"href":"https:\/\/staging.nbg.eu\/sv\/wp-json\/wp\/v2\/product"}],"about":[{"href":"https:\/\/staging.nbg.eu\/sv\/wp-json\/wp\/v2\/types\/product"}],"wp:featuredmedia":[{"embeddable":true,"href":"https:\/\/staging.nbg.eu\/sv\/wp-json\/wp\/v2\/media\/53101"}],"wp:attachment":[{"href":"https:\/\/staging.nbg.eu\/sv\/wp-json\/wp\/v2\/media?parent=53100"}],"wp:term":[{"taxonomy":"product_brand","embeddable":true,"href":"https:\/\/staging.nbg.eu\/sv\/wp-json\/wp\/v2\/product_brand?post=53100"},{"taxonomy":"product_cat","embeddable":true,"href":"https:\/\/staging.nbg.eu\/sv\/wp-json\/wp\/v2\/product_cat?post=53100"},{"taxonomy":"product_tag","embeddable":true,"href":"https:\/\/staging.nbg.eu\/sv\/wp-json\/wp\/v2\/product_tag?post=53100"}],"curies":[{"name":"wp","href":"https:\/\/api.w.org\/{rel}","templated":true}]}}