{"id":530980,"date":"2025-09-04T17:49:03","date_gmt":"2025-09-04T14:49:03","guid":{"rendered":"https:\/\/staging.nbg.eu\/product\/magpul-moe-sl-ak-grip-for-ak47-ak74-fde-mag682-fde\/"},"modified":"2025-09-26T16:16:37","modified_gmt":"2025-09-26T13:16:37","slug":"magpul-moe-sl-ak-grepp-foer-ak47ak74-fde-mag682-fde","status":"publish","type":"product","link":"https:\/\/staging.nbg.eu\/sv\/produkt\/magpul-moe-sl-ak-grepp-foer-ak47ak74-fde-mag682-fde\/","title":{"rendered":"Magpul &#8211; MOE SL AK Grepp f\u00f6r AK47\/AK74 &#8211; FDE &#8211; MAG682-FDE"},"content":{"rendered":"<div class=\"product-description\">\n<h2>Magpul MOE SL AK-grepp f\u00f6r AK47\/AK74 &#8211; FDE (MAG682-FDE)<\/h2>\n<p>Ett grepp f\u00f6r AK47\/AK74 i f\u00e4rgen Flat Dark Earth. Detta grepp har en mer vertikal vinkel och \u00e4r utformat f\u00f6r vapen med kortare l\u00e4ngd.<\/p>\n<ul>\n<li>Tillverkad av polymer med texturerad yta<\/li>\n<li>Passar b\u00e5de fr\u00e4sta och stansade mottagare, inklusive de med f\u00f6rst\u00e4rkningsplattor<\/li>\n<li>Har TSP-textur (Trapezoidal Surface Projections) f\u00f6r vapenkontroll<\/li>\n<li>20 graders greppvinkel<\/li>\n<li>Smalare profil j\u00e4mf\u00f6rt med fullstora grepp<\/li>\n<li>M\u00e5tt: 10,9 cm H x 2,8 cm T, vikt 73,7 g<\/li>\n<li>Tillverkad i USA &#8211; r\u00e4knas som en amerikansk komponent f\u00f6r 922r-efterlevnad<\/li>\n<\/ul>\n<p>Magpul MOE SL AK-greppet \u00e4r utformat f\u00f6r anv\u00e4ndning i olika milj\u00f6er.<\/p>\n<\/div>\n","protected":false},"excerpt":{"rendered":"<p>Magpul MOE SL AK-grepp: Smalt, texturerat uppgradering f\u00f6r AK47\/74 &#8211; FDE<\/p>\n","protected":false},"featured_media":493592,"template":"","meta":{"_acf_changed":false},"product_brand":[],"product_cat":[13069],"product_tag":[],"class_list":{"0":"post-530980","1":"product","2":"type-product","3":"status-publish","4":"has-post-thumbnail","6":"product_cat-okategoriserad","8":"first","9":"instock","10":"taxable","11":"shipping-taxable","12":"purchasable","13":"product-type-simple"},"acf":[],"_links":{"self":[{"href":"https:\/\/staging.nbg.eu\/sv\/wp-json\/wp\/v2\/product\/530980","targetHints":{"allow":["GET"]}}],"collection":[{"href":"https:\/\/staging.nbg.eu\/sv\/wp-json\/wp\/v2\/product"}],"about":[{"href":"https:\/\/staging.nbg.eu\/sv\/wp-json\/wp\/v2\/types\/product"}],"wp:featuredmedia":[{"embeddable":true,"href":"https:\/\/staging.nbg.eu\/sv\/wp-json\/wp\/v2\/media\/493592"}],"wp:attachment":[{"href":"https:\/\/staging.nbg.eu\/sv\/wp-json\/wp\/v2\/media?parent=530980"}],"wp:term":[{"taxonomy":"product_brand","embeddable":true,"href":"https:\/\/staging.nbg.eu\/sv\/wp-json\/wp\/v2\/product_brand?post=530980"},{"taxonomy":"product_cat","embeddable":true,"href":"https:\/\/staging.nbg.eu\/sv\/wp-json\/wp\/v2\/product_cat?post=530980"},{"taxonomy":"product_tag","embeddable":true,"href":"https:\/\/staging.nbg.eu\/sv\/wp-json\/wp\/v2\/product_tag?post=530980"}],"curies":[{"name":"wp","href":"https:\/\/api.w.org\/{rel}","templated":true}]}}