{"id":530786,"date":"2025-09-04T17:31:53","date_gmt":"2025-09-04T14:31:53","guid":{"rendered":"https:\/\/staging.nbg.eu\/product\/pistoletna-drzhka-magpul-moe-k2-za-ak-fde-mag683-fde\/"},"modified":"2025-09-26T16:05:53","modified_gmt":"2025-09-26T13:05:53","slug":"pistolgrepp-magpul-moe-k2-for-ak-fde-mag683-fde","status":"publish","type":"product","link":"https:\/\/staging.nbg.eu\/sv\/produkt\/pistolgrepp-magpul-moe-k2-for-ak-fde-mag683-fde\/","title":{"rendered":"Pistolgrepp Magpul MOE-K2 for AK FDE MAG683-FDE"},"content":{"rendered":"<div class=\"product-description\">\n<h2>Magpul MOE-K2 AK Grepp &#8211; FDE (MAG683-FDE)<\/h2>\n<p>Magpul MOE-K2 AK Grepp i Flat Dark Earth f\u00f6r AK47\/AK74 plattform gev\u00e4r. Detta pistolgrepp erbjuder:<\/p>\n<ul>\n<li>F\u00f6rb\u00e4ttrad ergonomi och kontroll<\/li>\n<li>H\u00e5llbar konstruktion i texturerad polymer<\/li>\n<li>Halkfri greppyta<\/li>\n<li>Brantare greppvinkel f\u00f6r moderna skjutst\u00e4llningar<\/li>\n<li>Minskad handledstr\u00f6tthet vid l\u00e5ngvarig anv\u00e4ndning<\/li>\n<\/ul>\n<p>Designad av Magpul. Detta FDE-grepp passar till olika AK-ytbehandlingar.<\/p>\n<p><strong>Tillverkarens artikelnummer:<\/strong> MAG683-FDE<\/p>\n<p><strong>UPC:<\/strong> 840815117117<\/p>\n<\/div>\n","protected":false},"excerpt":{"rendered":"<p>Magpul MOE-K2 AK-grepp: Ergonomiskt, halkfritt, brantare vinkel f\u00f6r komfort.<\/p>\n","protected":false},"featured_media":0,"template":"","meta":{"_acf_changed":false},"product_brand":[],"product_cat":[],"product_tag":[],"class_list":{"0":"post-530786","1":"product","2":"type-product","3":"status-publish","6":"first","7":"instock","8":"taxable","9":"shipping-taxable","10":"purchasable","11":"product-type-simple"},"acf":[],"_links":{"self":[{"href":"https:\/\/staging.nbg.eu\/sv\/wp-json\/wp\/v2\/product\/530786","targetHints":{"allow":["GET"]}}],"collection":[{"href":"https:\/\/staging.nbg.eu\/sv\/wp-json\/wp\/v2\/product"}],"about":[{"href":"https:\/\/staging.nbg.eu\/sv\/wp-json\/wp\/v2\/types\/product"}],"wp:attachment":[{"href":"https:\/\/staging.nbg.eu\/sv\/wp-json\/wp\/v2\/media?parent=530786"}],"wp:term":[{"taxonomy":"product_brand","embeddable":true,"href":"https:\/\/staging.nbg.eu\/sv\/wp-json\/wp\/v2\/product_brand?post=530786"},{"taxonomy":"product_cat","embeddable":true,"href":"https:\/\/staging.nbg.eu\/sv\/wp-json\/wp\/v2\/product_cat?post=530786"},{"taxonomy":"product_tag","embeddable":true,"href":"https:\/\/staging.nbg.eu\/sv\/wp-json\/wp\/v2\/product_tag?post=530786"}],"curies":[{"name":"wp","href":"https:\/\/api.w.org\/{rel}","templated":true}]}}