{"id":529984,"date":"2025-09-02T20:30:44","date_gmt":"2025-09-02T17:30:44","guid":{"rendered":"https:\/\/staging.nbg.eu\/product\/predna-drzhka-magpul-zhukov-za-ak-47-ak-74-lilava-mag586-plm\/"},"modified":"2025-09-26T15:06:01","modified_gmt":"2025-09-26T12:06:01","slug":"framgrepp-magpul-zhukov-for-ak-47ak-74-lila-mag586-plm","status":"publish","type":"product","link":"https:\/\/staging.nbg.eu\/sv\/produkt\/framgrepp-magpul-zhukov-for-ak-47ak-74-lila-mag586-plm\/","title":{"rendered":"Framgrepp Magpul ZHUKOV for AK-47\/AK-74 lila MAG586 PLM"},"content":{"rendered":"<div class=\"product-description\">\n<h2>Magpul ZHUKOV Handskydd f\u00f6r AK-47\/AK-74 &#8211; Plommon (MAG586-PLM)<\/h2>\n<p>Magpul ZHUKOV handskydd f\u00f6r AK-47 eller AK-74 i plommonf\u00e4rg. Detta f\u00f6rl\u00e4ngda handskydd erbjuder en st\u00f6rre greppyta och ytterligare monteringsalternativ f\u00f6r tillbeh\u00f6r.<\/p>\n<ul>\n<li>Kompatibel med de flesta AK-47\/AKM\/AK-74 gev\u00e4r (pipdiameter 16,75-18,25mm, l\u00e4ngd &gt;13&#8243;)<\/li>\n<li>Helkropp i h\u00e5rdanodiserad aluminium f\u00f6r flexfri montering och v\u00e4rmeskydd<\/li>\n<li>Yttre h\u00f6lje i polymer med sp\u00e5r f\u00f6r M-LOK tillbeh\u00f6r<\/li>\n<li>Inkluderar ers\u00e4ttnings-toppskydd i polymer<\/li>\n<li>Kompatibel med UltiMAK siktesmontage<\/li>\n<li>L\u00e4ngd: 11,7 tum<\/li>\n<\/ul>\n<p>Handskydd f\u00f6r jakt- och skytteanv\u00e4ndare.<\/p>\n<\/div>\n","protected":false},"excerpt":{"rendered":"<p>F\u00f6rl\u00e4ngd Magpul ZHUKOV handskydd f\u00f6r AK-47\/AK-74, plommonf\u00e4rgad, M-LOK-kompatibel.<\/p>\n","protected":false},"featured_media":0,"template":"","meta":{"_acf_changed":false},"product_brand":[],"product_cat":[],"product_tag":[],"class_list":{"0":"post-529984","1":"product","2":"type-product","3":"status-publish","6":"first","7":"instock","8":"taxable","9":"shipping-taxable","10":"purchasable","11":"product-type-simple"},"acf":[],"_links":{"self":[{"href":"https:\/\/staging.nbg.eu\/sv\/wp-json\/wp\/v2\/product\/529984","targetHints":{"allow":["GET"]}}],"collection":[{"href":"https:\/\/staging.nbg.eu\/sv\/wp-json\/wp\/v2\/product"}],"about":[{"href":"https:\/\/staging.nbg.eu\/sv\/wp-json\/wp\/v2\/types\/product"}],"wp:attachment":[{"href":"https:\/\/staging.nbg.eu\/sv\/wp-json\/wp\/v2\/media?parent=529984"}],"wp:term":[{"taxonomy":"product_brand","embeddable":true,"href":"https:\/\/staging.nbg.eu\/sv\/wp-json\/wp\/v2\/product_brand?post=529984"},{"taxonomy":"product_cat","embeddable":true,"href":"https:\/\/staging.nbg.eu\/sv\/wp-json\/wp\/v2\/product_cat?post=529984"},{"taxonomy":"product_tag","embeddable":true,"href":"https:\/\/staging.nbg.eu\/sv\/wp-json\/wp\/v2\/product_tag?post=529984"}],"curies":[{"name":"wp","href":"https:\/\/api.w.org\/{rel}","templated":true}]}}