{"id":52854,"date":"2024-03-11T05:07:53","date_gmt":"2024-03-11T05:07:53","guid":{"rendered":"https:\/\/staging.nbg.eu\/product\/bore-tech-alloy-shotgun-stix-36\/"},"modified":"2024-09-13T11:37:14","modified_gmt":"2024-09-13T11:37:14","slug":"bore-tech-alloy-shotgun-stix-36","status":"publish","type":"product","link":"https:\/\/staging.nbg.eu\/sv\/produkt\/bore-tech-alloy-shotgun-stix-36\/","title":{"rendered":"Bore Tech Alloy Shotgun Stix 36&#8243;"},"content":{"rendered":"<p>\nBore Tech Alloy Shotgun Stix 36&#8243; har f\u00f6ljande egenskaper:<\/p>\n<ul>\n<li>Handtag med st\u00e5ng av legering som \u00e4r s\u00e4ker f\u00f6r pipan<\/li>\n<li>Styvhet f\u00f6r hagelgev\u00e4r fr\u00e5n kaliber 410 till 10<\/li>\n<li>36&#8243; arbetsl\u00e4ngd (i ett stycke)<\/li>\n<li>Hon\u00e4nde med standard 5\/16-27 g\u00e4nga<\/li>\n<li>Kompatibel med hagelputs och bronssl\u00e4pborstar<\/li>\n<\/ul>\n<p>Denna reng\u00f6ringsst\u00e5ng \u00e4r h\u00e5llbar och m\u00e5ngsidig.<\/p>\n","protected":false},"excerpt":{"rendered":"<p>Styv 91 cm l\u00e5ng st\u00e5ng i legering f\u00f6r hagelgev\u00e4r av kaliber 410-10. Ergonomiskt handtag.<\/p>\n","protected":false},"featured_media":52855,"template":"","meta":{"_acf_changed":false},"product_brand":[],"product_cat":[12993,13059,13034],"product_tag":[],"class_list":{"0":"post-52854","1":"product","2":"type-product","3":"status-publish","4":"has-post-thumbnail","6":"product_cat-rengoeringsstaenger","7":"product_cat-rensnalar","8":"product_cat-vapenrengoering","10":"first","11":"outofstock","12":"taxable","13":"shipping-taxable","14":"purchasable","15":"product-type-simple"},"acf":[],"_links":{"self":[{"href":"https:\/\/staging.nbg.eu\/sv\/wp-json\/wp\/v2\/product\/52854","targetHints":{"allow":["GET"]}}],"collection":[{"href":"https:\/\/staging.nbg.eu\/sv\/wp-json\/wp\/v2\/product"}],"about":[{"href":"https:\/\/staging.nbg.eu\/sv\/wp-json\/wp\/v2\/types\/product"}],"wp:featuredmedia":[{"embeddable":true,"href":"https:\/\/staging.nbg.eu\/sv\/wp-json\/wp\/v2\/media\/52855"}],"wp:attachment":[{"href":"https:\/\/staging.nbg.eu\/sv\/wp-json\/wp\/v2\/media?parent=52854"}],"wp:term":[{"taxonomy":"product_brand","embeddable":true,"href":"https:\/\/staging.nbg.eu\/sv\/wp-json\/wp\/v2\/product_brand?post=52854"},{"taxonomy":"product_cat","embeddable":true,"href":"https:\/\/staging.nbg.eu\/sv\/wp-json\/wp\/v2\/product_cat?post=52854"},{"taxonomy":"product_tag","embeddable":true,"href":"https:\/\/staging.nbg.eu\/sv\/wp-json\/wp\/v2\/product_tag?post=52854"}],"curies":[{"name":"wp","href":"https:\/\/api.w.org\/{rel}","templated":true}]}}