{"id":527859,"date":"2025-09-02T20:21:10","date_gmt":"2025-09-02T17:21:10","guid":{"rendered":"https:\/\/staging.nbg.eu\/product\/strike-industries-g5-magwell-for-glock-17-22-31-34-35-45-gen5-si-g5-magwell-17\/"},"modified":"2025-09-25T22:35:06","modified_gmt":"2025-09-25T19:35:06","slug":"strike-industries-g5-magasinttratt-foer-glock-172231343545-gen5-si-g5-magwell-17","status":"publish","type":"product","link":"https:\/\/staging.nbg.eu\/sv\/produkt\/strike-industries-g5-magasinttratt-foer-glock-172231343545-gen5-si-g5-magwell-17\/","title":{"rendered":"Strike Industries &#8211; G5 Magasinttratt f\u00f6r Glock 17\/22\/31\/34\/35\/45 Gen5 &#8211; SI-G5-MAGWELL-17"},"content":{"rendered":"<div class=\"product-description\">\n<h2>Strike Industries G5 MagWell f\u00f6r Glock 17\/22\/31\/34\/35\/45 Gen5<\/h2>\n<p>Strike Industries G5 MagWell f\u00f6r Glock Gen5 underl\u00e4ttar omladdning av magasin. Detta tillbeh\u00f6r p\u00e5verkar inte pistolens smala grepp.<\/p>\n<ul>\n<li>Kompatibel med Glock G17\/G22\/G31\/G34\/G35\/G45 Gen5-modeller<\/li>\n<li>Utvidgad design f\u00f6r smidigare ins\u00e4ttning av magasin<\/li>\n<li>L\u00e4tt (11,3 g) och h\u00e5llbar konstruktion av h\u00f6gh\u00e5llfast polymer<\/li>\n<li>Enkel installation med medf\u00f6ljande M4-st\u00e4llskruv och 2,5 mm insexnyckel<\/li>\n<li>M\u00e5tt: 61,72 mm (L) x 37,34 mm (B) x 23,11 mm (H)<\/li>\n<\/ul>\n<p>F\u00f6rb\u00e4ttrar omladdningshastighet och konsistens. Fungerar med de flesta eftermarknadsbasplattor och f\u00f6rl\u00e4ngningar f\u00f6r magasin. Passar ihop med Strike EMP.<\/p>\n<p><strong>Obs:<\/strong> Dra inte \u00e5t st\u00e4llskruven f\u00f6r h\u00e5rt vid installation f\u00f6r att undvika felaktig justering eller skada.<\/p>\n<\/div>\n","protected":false},"excerpt":{"rendered":"<p>F\u00f6rb\u00e4ttra Glock Gen5-omladdningar med Strike Industries eleganta magwell.<\/p>\n","protected":false},"featured_media":490787,"template":"","meta":{"_acf_changed":false},"product_brand":[11420,11551],"product_cat":[13010,13054],"product_tag":[],"class_list":{"0":"post-527859","1":"product","2":"type-product","3":"status-publish","4":"has-post-thumbnail","6":"product_brand-glock","7":"product_brand-magpul","8":"product_cat-pistol","9":"product_cat-pistoldelar","11":"first","12":"instock","13":"taxable","14":"shipping-taxable","15":"purchasable","16":"product-type-simple"},"acf":[],"_links":{"self":[{"href":"https:\/\/staging.nbg.eu\/sv\/wp-json\/wp\/v2\/product\/527859","targetHints":{"allow":["GET"]}}],"collection":[{"href":"https:\/\/staging.nbg.eu\/sv\/wp-json\/wp\/v2\/product"}],"about":[{"href":"https:\/\/staging.nbg.eu\/sv\/wp-json\/wp\/v2\/types\/product"}],"wp:featuredmedia":[{"embeddable":true,"href":"https:\/\/staging.nbg.eu\/sv\/wp-json\/wp\/v2\/media\/490787"}],"wp:attachment":[{"href":"https:\/\/staging.nbg.eu\/sv\/wp-json\/wp\/v2\/media?parent=527859"}],"wp:term":[{"taxonomy":"product_brand","embeddable":true,"href":"https:\/\/staging.nbg.eu\/sv\/wp-json\/wp\/v2\/product_brand?post=527859"},{"taxonomy":"product_cat","embeddable":true,"href":"https:\/\/staging.nbg.eu\/sv\/wp-json\/wp\/v2\/product_cat?post=527859"},{"taxonomy":"product_tag","embeddable":true,"href":"https:\/\/staging.nbg.eu\/sv\/wp-json\/wp\/v2\/product_tag?post=527859"}],"curies":[{"name":"wp","href":"https:\/\/api.w.org\/{rel}","templated":true}]}}