{"id":527750,"date":"2025-09-02T20:21:13","date_gmt":"2025-09-02T17:21:13","guid":{"rendered":"https:\/\/staging.nbg.eu\/product\/strike-industries-g4-magwell-for-glock-17-22-31-34-35-gen4-si-g4-magwell\/"},"modified":"2025-09-25T22:30:01","modified_gmt":"2025-09-25T19:30:01","slug":"strike-industries-g4-magasinttratt-foer-glock-1722313435-gen4-si-g4-magwell","status":"publish","type":"product","link":"https:\/\/staging.nbg.eu\/sv\/produkt\/strike-industries-g4-magasinttratt-foer-glock-1722313435-gen4-si-g4-magwell\/","title":{"rendered":"Strike Industries &#8211; G4 Magasinttratt f\u00f6r Glock 17\/22\/31\/34\/35 Gen4 &#8211; SI-G4-MAGWELL"},"content":{"rendered":"<div class=\"product-description\">\n<h2>Strike Industries G4 Magasinbrunn f\u00f6r Glock 17\/22\/31\/34\/35 Gen4<\/h2>\n<p>Strike Industries GEN4 Magasinbrunn \u00e4r utformad f\u00f6r enklare omladdning av magasin och bibeh\u00e5ller pistolens smala grepp. Den \u00e4r kompatibel med de flesta eftermarknads magasinbottnar och f\u00f6rl\u00e4ngningar.<\/p>\n<ul>\n<li>Vidgad magasinbrunn f\u00f6r smidigare ins\u00e4ttning av magasin<\/li>\n<li>Enkel installation med l\u00e5smekanism<\/li>\n<li>Tillverkad av l\u00e4tt, stark polymer<\/li>\n<li>Kompatibel med Glock 17\/22\/31\/34\/35 GEN4-modeller<\/li>\n<li>Utformad f\u00f6r Glock fabrik +0 bakrem<\/li>\n<\/ul>\n<p><strong>Obs:<\/strong> Dra inte \u00e5t st\u00e4llskruven f\u00f6r h\u00e5rt vid installation f\u00f6r att undvika felinriktning eller skada.<\/p>\n<p>F\u00f6rpackningen inneh\u00e5ller: G4 Magasinbrunn, st\u00e4llskruv, M2 insexnyckel och varningskort.<\/p>\n<\/div>\n","protected":false},"excerpt":{"rendered":"<p>F\u00f6rb\u00e4ttra omladdningar f\u00f6r Glock 17\/22\/31\/34\/35 Gen4 med SI:s G4 MagWell.<\/p>\n","protected":false},"featured_media":491018,"template":"","meta":{"_acf_changed":false},"product_brand":[11420,11551],"product_cat":[13010,13054],"product_tag":[],"class_list":{"0":"post-527750","1":"product","2":"type-product","3":"status-publish","4":"has-post-thumbnail","6":"product_brand-glock","7":"product_brand-magpul","8":"product_cat-pistol","9":"product_cat-pistoldelar","11":"first","12":"instock","13":"taxable","14":"shipping-taxable","15":"purchasable","16":"product-type-simple"},"acf":[],"_links":{"self":[{"href":"https:\/\/staging.nbg.eu\/sv\/wp-json\/wp\/v2\/product\/527750","targetHints":{"allow":["GET"]}}],"collection":[{"href":"https:\/\/staging.nbg.eu\/sv\/wp-json\/wp\/v2\/product"}],"about":[{"href":"https:\/\/staging.nbg.eu\/sv\/wp-json\/wp\/v2\/types\/product"}],"wp:featuredmedia":[{"embeddable":true,"href":"https:\/\/staging.nbg.eu\/sv\/wp-json\/wp\/v2\/media\/491018"}],"wp:attachment":[{"href":"https:\/\/staging.nbg.eu\/sv\/wp-json\/wp\/v2\/media?parent=527750"}],"wp:term":[{"taxonomy":"product_brand","embeddable":true,"href":"https:\/\/staging.nbg.eu\/sv\/wp-json\/wp\/v2\/product_brand?post=527750"},{"taxonomy":"product_cat","embeddable":true,"href":"https:\/\/staging.nbg.eu\/sv\/wp-json\/wp\/v2\/product_cat?post=527750"},{"taxonomy":"product_tag","embeddable":true,"href":"https:\/\/staging.nbg.eu\/sv\/wp-json\/wp\/v2\/product_tag?post=527750"}],"curies":[{"name":"wp","href":"https:\/\/api.w.org\/{rel}","templated":true}]}}