{"id":527643,"date":"2025-09-02T20:20:53","date_gmt":"2025-09-02T17:20:53","guid":{"rendered":"https:\/\/staging.nbg.eu\/product\/strike-industries-ak-rear-sight-rail-black-si-akrr\/"},"modified":"2025-09-25T22:27:47","modified_gmt":"2025-09-25T19:27:47","slug":"strike-industries-ak-bakre-siktesskena-svart-si-akrr","status":"publish","type":"product","link":"https:\/\/staging.nbg.eu\/sv\/produkt\/strike-industries-ak-bakre-siktesskena-svart-si-akrr\/","title":{"rendered":"Strike Industries &#8211; AK Bakre Siktessken\u0430 &#8211; Svart &#8211; SI-AKRR"},"content":{"rendered":"<div class=\"product-description\">\n<h2>Strike Industries &#8211; AK Bakre Siktesskena &#8211; Svart &#8211; SI-AKRR<\/h2>\n<p>AK-familjens karbiner kan uppgraderas med Strike Industries bakre siktesskena. Detta tillbeh\u00f6r erbjuder:<\/p>\n<ul>\n<li>Picatinny-kompatibel montering f\u00f6r l\u00e5gprofils optik<\/li>\n<li>Konstruktion av 6061 flygplansaluminium<\/li>\n<li>Dubbel funktionalitet som standardsikte<\/li>\n<li>Vertikal och horisontell justeringsm\u00f6jlighet<\/li>\n<li>Vikt p\u00e5 38g<\/li>\n<\/ul>\n<p>Skenan \u00e4r 99,7mm l\u00e5ng och 21mm bred och ers\u00e4tter AK:ns bakre sikte. Den har sidof\u00f6rdjupningar f\u00f6r m\u00e5lning och tillr\u00e4ckligt utrymme f\u00f6r anv\u00e4ndning av j\u00e4rnsikte n\u00e4r optik inte \u00e4r monterad.<\/p>\n<p>Detta tillbeh\u00f6r \u00f6kar AK:ns m\u00e5ngsidighet och precision.<\/p>\n<\/div>\n","protected":false},"excerpt":{"rendered":"<p>Bakre siktesskena f\u00f6r optik till AK. H\u00e5llbar aluminium, Picatinny-kompatibel.<\/p>\n","protected":false},"featured_media":490603,"template":"","meta":{"_acf_changed":false},"product_brand":[],"product_cat":[12987],"product_tag":[],"class_list":{"0":"post-527643","1":"product","2":"type-product","3":"status-publish","4":"has-post-thumbnail","6":"product_cat-ak-justering","8":"first","9":"instock","10":"taxable","11":"shipping-taxable","12":"purchasable","13":"product-type-simple"},"acf":[],"_links":{"self":[{"href":"https:\/\/staging.nbg.eu\/sv\/wp-json\/wp\/v2\/product\/527643","targetHints":{"allow":["GET"]}}],"collection":[{"href":"https:\/\/staging.nbg.eu\/sv\/wp-json\/wp\/v2\/product"}],"about":[{"href":"https:\/\/staging.nbg.eu\/sv\/wp-json\/wp\/v2\/types\/product"}],"wp:featuredmedia":[{"embeddable":true,"href":"https:\/\/staging.nbg.eu\/sv\/wp-json\/wp\/v2\/media\/490603"}],"wp:attachment":[{"href":"https:\/\/staging.nbg.eu\/sv\/wp-json\/wp\/v2\/media?parent=527643"}],"wp:term":[{"taxonomy":"product_brand","embeddable":true,"href":"https:\/\/staging.nbg.eu\/sv\/wp-json\/wp\/v2\/product_brand?post=527643"},{"taxonomy":"product_cat","embeddable":true,"href":"https:\/\/staging.nbg.eu\/sv\/wp-json\/wp\/v2\/product_cat?post=527643"},{"taxonomy":"product_tag","embeddable":true,"href":"https:\/\/staging.nbg.eu\/sv\/wp-json\/wp\/v2\/product_tag?post=527643"}],"curies":[{"name":"wp","href":"https:\/\/api.w.org\/{rel}","templated":true}]}}