{"id":52750,"date":"2024-03-12T18:05:32","date_gmt":"2024-09-13T11:33:45","guid":{"rendered":"https:\/\/staging.nbg.eu\/product\/bore-tech-x-count-patches-multiple-sizes\/"},"modified":"2024-09-13T11:34:58","modified_gmt":"2024-09-13T11:34:58","slug":"bore-tech-x-count-patches-flera-storlekar","status":"publish","type":"product","link":"https:\/\/staging.nbg.eu\/sv\/produkt\/bore-tech-x-count-patches-flera-storlekar\/","title":{"rendered":"Bore Tech X-Count Patches (Flera Storlekar)"},"content":{"rendered":"<p>Bore Tech X-Count\u2122 Lappor: Egenskaper:<\/p>\n<ul>\n<li>100% bomullsflanell<\/li>\n<li>Dubbelnoppad, icke-fransande material<\/li>\n<li>God reng\u00f6ringsf\u00f6rm\u00e5ga<\/li>\n<li>Bra l\u00f6sningsmedelsabsorption<\/li>\n<li>Tillverkad i USA<\/li>\n<li>L\u00e4mplig f\u00f6r olika vapentyper och kalibrar<\/li>\n<li>Levereras i \u00e5terf\u00f6rslutningsbar f\u00f6rpackning med upph\u00e4ngningsm\u00f6jlighet<\/li>\n<\/ul>\n","protected":false},"excerpt":{"rendered":"<p>F\u00f6rstklassiga bomullsreng\u00f6ringslappar f\u00f6r vapen i olika storlekar. Tillverkade i USA.<\/p>\n","protected":false},"featured_media":52751,"template":"","meta":{"_acf_changed":false},"product_brand":[11162],"product_cat":[13060,13034],"product_tag":[],"class_list":{"0":"post-52750","1":"product","2":"type-product","3":"status-publish","4":"has-post-thumbnail","6":"product_brand-boretech","7":"product_cat-rengoeringslappar","8":"product_cat-vapenrengoering","10":"first","11":"instock","12":"taxable","13":"shipping-taxable","14":"purchasable","15":"product-type-variable","16":"wvs-archive-product-wrapper"},"acf":[],"_links":{"self":[{"href":"https:\/\/staging.nbg.eu\/sv\/wp-json\/wp\/v2\/product\/52750","targetHints":{"allow":["GET"]}}],"collection":[{"href":"https:\/\/staging.nbg.eu\/sv\/wp-json\/wp\/v2\/product"}],"about":[{"href":"https:\/\/staging.nbg.eu\/sv\/wp-json\/wp\/v2\/types\/product"}],"wp:featuredmedia":[{"embeddable":true,"href":"https:\/\/staging.nbg.eu\/sv\/wp-json\/wp\/v2\/media\/52751"}],"wp:attachment":[{"href":"https:\/\/staging.nbg.eu\/sv\/wp-json\/wp\/v2\/media?parent=52750"}],"wp:term":[{"taxonomy":"product_brand","embeddable":true,"href":"https:\/\/staging.nbg.eu\/sv\/wp-json\/wp\/v2\/product_brand?post=52750"},{"taxonomy":"product_cat","embeddable":true,"href":"https:\/\/staging.nbg.eu\/sv\/wp-json\/wp\/v2\/product_cat?post=52750"},{"taxonomy":"product_tag","embeddable":true,"href":"https:\/\/staging.nbg.eu\/sv\/wp-json\/wp\/v2\/product_tag?post=52750"}],"curies":[{"name":"wp","href":"https:\/\/api.w.org\/{rel}","templated":true}]}}