{"id":527040,"date":"2025-08-25T00:18:45","date_gmt":"2025-08-24T21:18:45","guid":{"rendered":"https:\/\/staging.nbg.eu\/product\/ftcs-enlarged-magazine-catch-with-shelf-ak-platform-no-16\/"},"modified":"2025-09-25T22:06:16","modified_gmt":"2025-09-25T19:06:16","slug":"ftcs-foerstorrad-magasinfangst-med-hylla-ak-plattform-nr16","status":"publish","type":"product","link":"https:\/\/staging.nbg.eu\/sv\/produkt\/ftcs-foerstorrad-magasinfangst-med-hylla-ak-plattform-nr16\/","title":{"rendered":"FTCS &#8211; F\u00f6rstorrad Magasinf\u00e5ngst Med Hylla &#8211; AK-plattform &#8211; Nr.16"},"content":{"rendered":"<div class=\"product-description\">\n<h2>FTCS &#8211; F\u00f6rstorat magasinsp\u00e4rr med hylla &#8211; AK-plattform &#8211; Nr.16<\/h2>\n<p>F\u00f6rb\u00e4ttra din AK-plattforms karbin med denna f\u00f6rstorade magasinsp\u00e4rr med hylla f\u00f6r snabba magasinsbyten med pekfingret. Tillverkad av st\u00e5l och behandlad med Graphite Black H-146 Cerakote.<\/p>\n<h2>Huvudegenskaper:<\/h2>\n<ul>\n<li>Kompatibel med de flesta AK\/AKM\/AK-74-typer<\/li>\n<li>St\u00e5lkonstruktion f\u00f6r h\u00e5llbarhet<\/li>\n<li>F\u00f6rstorad design f\u00f6r f\u00f6rb\u00e4ttrad hantering<\/li>\n<li>Extra hylla f\u00f6r magasinsbyte med pekfingret<\/li>\n<\/ul>\n<h2>Tekniska specifikationer:<\/h2>\n<ul>\n<li>M\u00e5tt: 55 x 52 x 21 mm<\/li>\n<li>Vikt: 20 g<\/li>\n<li>Ytbehandling: Cerakote Graphite Black H-146<\/li>\n<\/ul>\n<p>F\u00f6rb\u00e4ttra ergonomin och funktionaliteten p\u00e5 din AK-plattforms karbin med FTCS F\u00f6rstorat magasinsp\u00e4rr med hylla &#8211; Nr.16.<\/p>\n<\/div>\n","protected":false},"excerpt":{"rendered":"<p>F\u00f6rb\u00e4ttrad magasinsp\u00e4rr med fingerhylla f\u00f6r AK-plattformen. St\u00e5l, svart.<\/p>\n","protected":false},"featured_media":481355,"template":"","meta":{"_acf_changed":false},"product_brand":[11323],"product_cat":[12987,13053,13002],"product_tag":[],"class_list":{"0":"post-527040","1":"product","2":"type-product","3":"status-publish","4":"has-post-thumbnail","6":"product_brand-ftcs","7":"product_cat-ak-justering","8":"product_cat-gevaer","9":"product_cat-gevaersjustering","11":"first","12":"instock","13":"taxable","14":"shipping-taxable","15":"purchasable","16":"product-type-simple"},"acf":[],"_links":{"self":[{"href":"https:\/\/staging.nbg.eu\/sv\/wp-json\/wp\/v2\/product\/527040","targetHints":{"allow":["GET"]}}],"collection":[{"href":"https:\/\/staging.nbg.eu\/sv\/wp-json\/wp\/v2\/product"}],"about":[{"href":"https:\/\/staging.nbg.eu\/sv\/wp-json\/wp\/v2\/types\/product"}],"wp:featuredmedia":[{"embeddable":true,"href":"https:\/\/staging.nbg.eu\/sv\/wp-json\/wp\/v2\/media\/481355"}],"wp:attachment":[{"href":"https:\/\/staging.nbg.eu\/sv\/wp-json\/wp\/v2\/media?parent=527040"}],"wp:term":[{"taxonomy":"product_brand","embeddable":true,"href":"https:\/\/staging.nbg.eu\/sv\/wp-json\/wp\/v2\/product_brand?post=527040"},{"taxonomy":"product_cat","embeddable":true,"href":"https:\/\/staging.nbg.eu\/sv\/wp-json\/wp\/v2\/product_cat?post=527040"},{"taxonomy":"product_tag","embeddable":true,"href":"https:\/\/staging.nbg.eu\/sv\/wp-json\/wp\/v2\/product_tag?post=527040"}],"curies":[{"name":"wp","href":"https:\/\/api.w.org\/{rel}","templated":true}]}}