{"id":52216,"date":"2024-03-12T19:00:56","date_gmt":"2024-09-13T11:30:17","guid":{"rendered":"https:\/\/staging.nbg.eu\/product\/bore-tech-rimfire-blend\/"},"modified":"2024-09-13T11:31:22","modified_gmt":"2024-09-13T11:31:22","slug":"bore-tech-rimfire-blend","status":"publish","type":"product","link":"https:\/\/staging.nbg.eu\/sv\/produkt\/bore-tech-rimfire-blend\/","title":{"rendered":"Bore Tech Rimfire Blend"},"content":{"rendered":"<div class=\"product-description\">\n<h2>Bore Tech Reng\u00f6ringsmedel f\u00f6r Finkalibriga Vapen<\/h2>\n<p>Framtaget f\u00f6r skyttar som anv\u00e4nder finkalibriga vapen. Detta reng\u00f6ringsmedel avl\u00e4gsnar bly, krutrester och kulvax. Anv\u00e4nds av t\u00e4vlingsskyttar och vapentillverkare.<\/p>\n<ul>\n<li>Fri fr\u00e5n ammoniak och luktfri<\/li>\n<li>100% biologiskt nedbrytbar<\/li>\n<li>Tar bort lager av bly, vax och kolavlagringar<\/li>\n<li>Kr\u00e4ver minimal borstning<\/li>\n<li>S\u00e4ker f\u00f6r alla typer av pipor<\/li>\n<\/ul>\n<p>Prova Bore Techs specialreng\u00f6ringsmedel.<\/p>\n<\/div>\n","protected":false},"excerpt":{"rendered":"<p>Effektiv reng\u00f6ring f\u00f6r kantant\u00e4ndning avl\u00e4gsnar bly, vax och kol. Ammoniakfri.<\/p>\n","protected":false},"featured_media":52217,"template":"","meta":{"_acf_changed":false},"product_brand":[11162],"product_cat":[13048,13034],"product_tag":[],"class_list":{"0":"post-52216","1":"product","2":"type-product","3":"status-publish","4":"has-post-thumbnail","6":"product_brand-boretech","7":"product_cat-rengoeringsmedel","8":"product_cat-vapenrengoering","10":"first","11":"instock","12":"taxable","13":"shipping-taxable","14":"purchasable","15":"product-type-variable","16":"wvs-archive-product-wrapper"},"acf":[],"_links":{"self":[{"href":"https:\/\/staging.nbg.eu\/sv\/wp-json\/wp\/v2\/product\/52216","targetHints":{"allow":["GET"]}}],"collection":[{"href":"https:\/\/staging.nbg.eu\/sv\/wp-json\/wp\/v2\/product"}],"about":[{"href":"https:\/\/staging.nbg.eu\/sv\/wp-json\/wp\/v2\/types\/product"}],"wp:featuredmedia":[{"embeddable":true,"href":"https:\/\/staging.nbg.eu\/sv\/wp-json\/wp\/v2\/media\/52217"}],"wp:attachment":[{"href":"https:\/\/staging.nbg.eu\/sv\/wp-json\/wp\/v2\/media?parent=52216"}],"wp:term":[{"taxonomy":"product_brand","embeddable":true,"href":"https:\/\/staging.nbg.eu\/sv\/wp-json\/wp\/v2\/product_brand?post=52216"},{"taxonomy":"product_cat","embeddable":true,"href":"https:\/\/staging.nbg.eu\/sv\/wp-json\/wp\/v2\/product_cat?post=52216"},{"taxonomy":"product_tag","embeddable":true,"href":"https:\/\/staging.nbg.eu\/sv\/wp-json\/wp\/v2\/product_tag?post=52216"}],"curies":[{"name":"wp","href":"https:\/\/api.w.org\/{rel}","templated":true}]}}