{"id":51593,"date":"2024-03-15T05:39:44","date_gmt":"2024-09-13T09:59:38","guid":{"rendered":"https:\/\/staging.nbg.eu\/product\/bore-tech-bullet-knock-out-set\/"},"modified":"2024-09-13T10:00:37","modified_gmt":"2024-09-13T10:00:37","slug":"bore-tech-bullet-knock-out-set","status":"publish","type":"product","link":"https:\/\/staging.nbg.eu\/sv\/produkt\/bore-tech-bullet-knock-out-set\/","title":{"rendered":"Bore Tech Bullet Knock-out Set"},"content":{"rendered":"<p><strong>Bore Tech Bullet Knock-out Set<\/strong> \u00e4r ett verktyg f\u00f6r skyttar. Satsen inneh\u00e5ller 4 maskinbearbetade m\u00e4ssingsspetsar, utformade f\u00f6r att ta bort fastnade kulor eller hylsor utan att skada putsst\u00e5ngen. Den \u00e4r kompatibel med gev\u00e4r och pistoler fr\u00e5n kaliber .17 till .50.<\/p>\n","protected":false},"excerpt":{"rendered":"<p>Oumb\u00e4rligt verktyg f\u00f6r att avl\u00e4gsna fastkilade kulor. 4 m\u00e4ssingsspetsar, kaliber .17-.50.<\/p>\n","protected":false},"featured_media":51594,"template":"","meta":{"_acf_changed":false},"product_brand":[11162],"product_cat":[13061,13034],"product_tag":[],"class_list":{"0":"post-51593","1":"product","2":"type-product","3":"status-publish","4":"has-post-thumbnail","6":"product_brand-boretech","7":"product_cat-borstar","8":"product_cat-vapenrengoering","10":"first","11":"instock","12":"taxable","13":"shipping-taxable","14":"purchasable","15":"product-type-simple"},"acf":[],"_links":{"self":[{"href":"https:\/\/staging.nbg.eu\/sv\/wp-json\/wp\/v2\/product\/51593","targetHints":{"allow":["GET"]}}],"collection":[{"href":"https:\/\/staging.nbg.eu\/sv\/wp-json\/wp\/v2\/product"}],"about":[{"href":"https:\/\/staging.nbg.eu\/sv\/wp-json\/wp\/v2\/types\/product"}],"wp:featuredmedia":[{"embeddable":true,"href":"https:\/\/staging.nbg.eu\/sv\/wp-json\/wp\/v2\/media\/51594"}],"wp:attachment":[{"href":"https:\/\/staging.nbg.eu\/sv\/wp-json\/wp\/v2\/media?parent=51593"}],"wp:term":[{"taxonomy":"product_brand","embeddable":true,"href":"https:\/\/staging.nbg.eu\/sv\/wp-json\/wp\/v2\/product_brand?post=51593"},{"taxonomy":"product_cat","embeddable":true,"href":"https:\/\/staging.nbg.eu\/sv\/wp-json\/wp\/v2\/product_cat?post=51593"},{"taxonomy":"product_tag","embeddable":true,"href":"https:\/\/staging.nbg.eu\/sv\/wp-json\/wp\/v2\/product_tag?post=51593"}],"curies":[{"name":"wp","href":"https:\/\/api.w.org\/{rel}","templated":true}]}}