{"id":51493,"date":"2024-03-15T06:18:52","date_gmt":"2024-09-13T09:57:21","guid":{"rendered":"https:\/\/staging.nbg.eu\/product\/bore-tech-chameleon-gel-2-oz-tube\/"},"modified":"2024-09-13T09:58:25","modified_gmt":"2024-09-13T09:58:25","slug":"bore-tech-chameleon-gel-2-oz-tub","status":"publish","type":"product","link":"https:\/\/staging.nbg.eu\/sv\/produkt\/bore-tech-chameleon-gel-2-oz-tub\/","title":{"rendered":"Bore Tech Chameleon Gel (2 Oz Tub)"},"content":{"rendered":"<h2>Bore Tech Chameleon Gel (2 oz tub)<\/h2>\n<p>Bore Tech Chameleon Gel\u2122 \u00e4r en patenterad reng\u00f6rare och polish f\u00f6r skjutvapen. Denna f\u00e4rgindikerade gel tar bort avlagringar av kol, koppar, bly och molybden, och l\u00e4mnar pipan ren.<\/p>\n<ul>\n<li>Luktfri och biologiskt nedbrytbar<\/li>\n<li>S\u00e4ker f\u00f6r alla typer av pipor<\/li>\n<li>Ingen blandning kr\u00e4vs<\/li>\n<li>Gelformulering<\/li>\n<li>F\u00e4rgindikerad teknologi f\u00f6r reng\u00f6ring<\/li>\n<\/ul>\n<p>Gelens f\u00e4rg \u00e4ndras f\u00f6r att visa typ av avlagring:<\/p>\n<p>Bl\u00e5\/Gr\u00f6n: Koppar<\/p>\n<p>Svart: Kol<\/p>\n<p>Gr\u00e5: Bly\/Molybden<\/p>\n<p>Vit: Ren pipa<\/p>\n<p>Underh\u00e5ll ditt skjutvapens prestanda med denna reng\u00f6ringsl\u00f6sning. Tillg\u00e4nglig i 2 oz tub.<\/p>\n","protected":false},"excerpt":{"rendered":"<p>F\u00e4rgskiftande gelreng\u00f6ring avl\u00e4gsnar bel\u00e4ggningar fr\u00e5n gev\u00e4rspipor.<\/p>\n","protected":false},"featured_media":51494,"template":"","meta":{"_acf_changed":false},"product_brand":[11162],"product_cat":[13048,13034],"product_tag":[],"class_list":{"0":"post-51493","1":"product","2":"type-product","3":"status-publish","4":"has-post-thumbnail","6":"product_brand-boretech","7":"product_cat-rengoeringsmedel","8":"product_cat-vapenrengoering","10":"first","11":"instock","12":"taxable","13":"shipping-taxable","14":"purchasable","15":"product-type-simple"},"acf":[],"_links":{"self":[{"href":"https:\/\/staging.nbg.eu\/sv\/wp-json\/wp\/v2\/product\/51493","targetHints":{"allow":["GET"]}}],"collection":[{"href":"https:\/\/staging.nbg.eu\/sv\/wp-json\/wp\/v2\/product"}],"about":[{"href":"https:\/\/staging.nbg.eu\/sv\/wp-json\/wp\/v2\/types\/product"}],"wp:featuredmedia":[{"embeddable":true,"href":"https:\/\/staging.nbg.eu\/sv\/wp-json\/wp\/v2\/media\/51494"}],"wp:attachment":[{"href":"https:\/\/staging.nbg.eu\/sv\/wp-json\/wp\/v2\/media?parent=51493"}],"wp:term":[{"taxonomy":"product_brand","embeddable":true,"href":"https:\/\/staging.nbg.eu\/sv\/wp-json\/wp\/v2\/product_brand?post=51493"},{"taxonomy":"product_cat","embeddable":true,"href":"https:\/\/staging.nbg.eu\/sv\/wp-json\/wp\/v2\/product_cat?post=51493"},{"taxonomy":"product_tag","embeddable":true,"href":"https:\/\/staging.nbg.eu\/sv\/wp-json\/wp\/v2\/product_tag?post=51493"}],"curies":[{"name":"wp","href":"https:\/\/api.w.org\/{rel}","templated":true}]}}