{"id":51433,"date":"2024-03-15T07:11:12","date_gmt":"2024-09-13T09:53:36","guid":{"rendered":"https:\/\/staging.nbg.eu\/product\/bore-tech-shield-xp-rust-preventive\/"},"modified":"2024-09-13T09:54:41","modified_gmt":"2024-09-13T09:54:41","slug":"bore-tech-shield-xp-rostskydd","status":"publish","type":"product","link":"https:\/\/staging.nbg.eu\/sv\/produkt\/bore-tech-shield-xp-rostskydd\/","title":{"rendered":"Bore Tech Shield XP Rostskydd"},"content":{"rendered":"<h2>Bore Tech Shield XP Rostskyddsmedel<\/h2>\n<p>Skydda dina skjutvapen med Bore Techs Shield XP Rostskyddsmedel, en formula som erbjuder skydd mot rost och korrosion. Denna l\u00f6sning tr\u00e4nger in djupt, tr\u00e4nger undan fukt och neutraliserar korrosiva \u00e4mnen, och l\u00e4mnar en osynlig barri\u00e4r som inte drar till sig skr\u00e4p.<\/p>\n<ul>\n<li>L\u00e4mplig f\u00f6r l\u00e5ngtidsf\u00f6rvaring<\/li>\n<li>S\u00e4ker f\u00f6r alla metaller<\/li>\n<li>Klarar \u00f6ver 500 timmar i ASTM fuktighetstester<\/li>\n<li>Kokosn\u00f6tsdoft<\/li>\n<li>Pumpsprayflaska<\/li>\n<\/ul>\n<h3>Instruktioner:<\/h3>\n<ol>\n<li>T\u00f6m skjutvapnet och avfetta ytor<\/li>\n<li>Spraya eller applicera Shield XP p\u00e5 metallytor<\/li>\n<li>V\u00e4nta 15 minuter, applicera ett andra lager vid behov<\/li>\n<li>F\u00f6re anv\u00e4ndning, k\u00f6r en torr trasa genom loppet<\/li>\n<\/ol>\n<p>Shield XP: Ett skydd mot rost och korrosion f\u00f6r dina skjutvapen.<\/p>\n","protected":false},"excerpt":{"rendered":"<p>L\u00e5ngvarigt rostskydd f\u00f6r skjutvapen.<\/p>\n","protected":false},"featured_media":51407,"template":"","meta":{"_acf_changed":false},"product_brand":[11162],"product_cat":[13022,13034],"product_tag":[],"class_list":{"0":"post-51433","1":"product","2":"type-product","3":"status-publish","4":"has-post-thumbnail","6":"product_brand-boretech","7":"product_cat-smoerjmedel","8":"product_cat-vapenrengoering","10":"first","11":"instock","12":"taxable","13":"shipping-taxable","14":"purchasable","15":"product-type-simple"},"acf":[],"_links":{"self":[{"href":"https:\/\/staging.nbg.eu\/sv\/wp-json\/wp\/v2\/product\/51433","targetHints":{"allow":["GET"]}}],"collection":[{"href":"https:\/\/staging.nbg.eu\/sv\/wp-json\/wp\/v2\/product"}],"about":[{"href":"https:\/\/staging.nbg.eu\/sv\/wp-json\/wp\/v2\/types\/product"}],"wp:featuredmedia":[{"embeddable":true,"href":"https:\/\/staging.nbg.eu\/sv\/wp-json\/wp\/v2\/media\/51407"}],"wp:attachment":[{"href":"https:\/\/staging.nbg.eu\/sv\/wp-json\/wp\/v2\/media?parent=51433"}],"wp:term":[{"taxonomy":"product_brand","embeddable":true,"href":"https:\/\/staging.nbg.eu\/sv\/wp-json\/wp\/v2\/product_brand?post=51433"},{"taxonomy":"product_cat","embeddable":true,"href":"https:\/\/staging.nbg.eu\/sv\/wp-json\/wp\/v2\/product_cat?post=51433"},{"taxonomy":"product_tag","embeddable":true,"href":"https:\/\/staging.nbg.eu\/sv\/wp-json\/wp\/v2\/product_tag?post=51433"}],"curies":[{"name":"wp","href":"https:\/\/api.w.org\/{rel}","templated":true}]}}