{"id":51406,"date":"2024-03-15T07:47:20","date_gmt":"2024-09-13T09:50:12","guid":{"rendered":"https:\/\/staging.nbg.eu\/product\/boretech-eliminator-4-oz\/"},"modified":"2024-09-13T09:51:18","modified_gmt":"2024-09-13T09:51:18","slug":"boretech-eliminator-4-oz","status":"publish","type":"product","link":"https:\/\/staging.nbg.eu\/sv\/produkt\/boretech-eliminator-4-oz\/","title":{"rendered":"BoreTech Eliminator &#8211; 4 Oz"},"content":{"rendered":"<div class=\"product-description\">\n<h2>BoreTech Eliminator &#8211; 118 ml<\/h2>\n<p>BoreTech Eliminator\u2122 \u00e4r ett loppren\u00f6ringsmedel f\u00f6r skjutvapen. Denna patenterade formula \u00e4r snabbverkande och s\u00e4ker f\u00f6r pipan. Egenskaper inkluderar:<\/p>\n<ul>\n<li>100% s\u00e4ker f\u00f6r pipan och biologiskt nedbrytbar<\/li>\n<li>Fri fr\u00e5n ammoniak och luktfri<\/li>\n<li>Avl\u00e4gsnar kol, koppar, bly och korrosiva rester<\/li>\n<li>Icke-farlig och anv\u00e4ndarv\u00e4nlig<\/li>\n<\/ul>\n<p>Eliminatorns blandning av kemiska ytaktiva \u00e4mnen l\u00f6ser upp kolavlagringar samtidigt som den oxiderar och suspenderar kopparavlagringar. Detta f\u00f6rhindrar \u00e5teravlagring och s\u00e4kerst\u00e4ller grundlig reng\u00f6ring.<\/p>\n<h3>Instruktioner:<\/h3>\n<ol>\n<li>Fukta 3-4 tyglappar med Eliminator och f\u00f6r genom loppet i en riktning<\/li>\n<li>G\u00f6r 10-15 drag med en fuktad nylonborste<\/li>\n<li>Upprepa steg 1 och l\u00e5t verka i 3-5 minuter<\/li>\n<li>F\u00f6r igenom torra tyglappar tills rent<\/li>\n<li>Upprepa vid behov<\/li>\n<li>Applicera Bore Tech Friction Guard XP vapenolja f\u00f6r f\u00f6rvaring<\/li>\n<li>K\u00f6r en torr tyglapp f\u00f6re anv\u00e4ndning<\/li>\n<\/ol>\n<p>Anv\u00e4nd BoreTech Eliminator f\u00f6r effektiv reng\u00f6ring och skydd av pipan.<\/p>\n<\/div>\n","protected":false},"excerpt":{"rendered":"<p>BoreTech Eliminator: S\u00e4ker, kraftfull pipputsare. Avl\u00e4gsnar bel\u00e4ggningar.<\/p>\n","protected":false},"featured_media":70990,"template":"","meta":{"_acf_changed":false},"product_brand":[11162],"product_cat":[13048,13034],"product_tag":[],"class_list":{"0":"post-51406","1":"product","2":"type-product","3":"status-publish","4":"has-post-thumbnail","6":"product_brand-boretech","7":"product_cat-rengoeringsmedel","8":"product_cat-vapenrengoering","10":"first","11":"instock","12":"taxable","13":"shipping-taxable","14":"purchasable","15":"product-type-variable","16":"wvs-archive-product-wrapper"},"acf":[],"_links":{"self":[{"href":"https:\/\/staging.nbg.eu\/sv\/wp-json\/wp\/v2\/product\/51406","targetHints":{"allow":["GET"]}}],"collection":[{"href":"https:\/\/staging.nbg.eu\/sv\/wp-json\/wp\/v2\/product"}],"about":[{"href":"https:\/\/staging.nbg.eu\/sv\/wp-json\/wp\/v2\/types\/product"}],"wp:featuredmedia":[{"embeddable":true,"href":"https:\/\/staging.nbg.eu\/sv\/wp-json\/wp\/v2\/media\/70990"}],"wp:attachment":[{"href":"https:\/\/staging.nbg.eu\/sv\/wp-json\/wp\/v2\/media?parent=51406"}],"wp:term":[{"taxonomy":"product_brand","embeddable":true,"href":"https:\/\/staging.nbg.eu\/sv\/wp-json\/wp\/v2\/product_brand?post=51406"},{"taxonomy":"product_cat","embeddable":true,"href":"https:\/\/staging.nbg.eu\/sv\/wp-json\/wp\/v2\/product_cat?post=51406"},{"taxonomy":"product_tag","embeddable":true,"href":"https:\/\/staging.nbg.eu\/sv\/wp-json\/wp\/v2\/product_tag?post=51406"}],"curies":[{"name":"wp","href":"https:\/\/api.w.org\/{rel}","templated":true}]}}