{"id":51195,"date":"2024-03-16T18:40:45","date_gmt":"2024-09-13T09:25:36","guid":{"rendered":"https:\/\/staging.nbg.eu\/product\/bore-tech-bronze-stainless-chamber-brush\/"},"modified":"2024-09-13T09:26:36","modified_gmt":"2024-09-13T09:26:36","slug":"bore-tech-bronsrostfritt-kammarborste","status":"publish","type":"product","link":"https:\/\/staging.nbg.eu\/sv\/produkt\/bore-tech-bronsrostfritt-kammarborste\/","title":{"rendered":"Bore Tech Brons\/Rostfritt Kammarborste"},"content":{"rendered":"<h2>Bore Tech Kammarhborste i brons\/rostfritt st\u00e5l<\/h2>\n<p>Bore Techs kammarhborstar i brons\/rostfritt st\u00e5l \u00e4r s\u00e4kra f\u00f6r kammare och har en robust konstruktion.<\/p>\n<ul>\n<li>Kombination av styva borst i brons och rostfritt st\u00e5l<\/li>\n<li>Dubbel skrubbeffekt f\u00f6r reng\u00f6ring<\/li>\n<li>\u00d6gleformad dubbeltvinnad borstk\u00e4rna utan vassa \u00e4ndar<\/li>\n<li>Aluminiumstift av flygplanskvalitet<\/li>\n<li>Tillg\u00e4nglig f\u00f6r .223\/5.56mm AR-15 och .308\/7.62mm AR-10<\/li>\n<\/ul>\n<p>Bore Techs borstar f\u00f6r kammarreng\u00f6ring.<\/p>\n<h3>Instruktioner:<\/h3>\n<ol>\n<li>Skruva fast borsten p\u00e5 st\u00e5ngen<\/li>\n<li>Fukta borsten med reng\u00f6ringsmedel<\/li>\n<li>F\u00f6r in i kammaren och rotera 6-12 g\u00e5nger<\/li>\n<li>Applicera mer reng\u00f6ringsmedel vid behov<\/li>\n<li>Torka rent kammaren med en trasa<\/li>\n<li>Reng\u00f6r borstarna f\u00f6re f\u00f6rvaring<\/li>\n<\/ol>\n","protected":false},"excerpt":{"rendered":"<p>Effektiv dubbelborstad kammarborste f\u00f6r AR-15 och AR-10 gev\u00e4r.<\/p>\n","protected":false},"featured_media":51196,"template":"","meta":{"_acf_changed":false},"product_brand":[11162],"product_cat":[13061,13034],"product_tag":[],"class_list":{"0":"post-51195","1":"product","2":"type-product","3":"status-publish","4":"has-post-thumbnail","6":"product_brand-boretech","7":"product_cat-borstar","8":"product_cat-vapenrengoering","9":"pa_model-ar-10-sv","10":"pa_model-ar-15-sv","12":"first","13":"instock","14":"taxable","15":"shipping-taxable","16":"purchasable","17":"product-type-variable","18":"wvs-archive-product-wrapper"},"acf":[],"_links":{"self":[{"href":"https:\/\/staging.nbg.eu\/sv\/wp-json\/wp\/v2\/product\/51195","targetHints":{"allow":["GET"]}}],"collection":[{"href":"https:\/\/staging.nbg.eu\/sv\/wp-json\/wp\/v2\/product"}],"about":[{"href":"https:\/\/staging.nbg.eu\/sv\/wp-json\/wp\/v2\/types\/product"}],"wp:featuredmedia":[{"embeddable":true,"href":"https:\/\/staging.nbg.eu\/sv\/wp-json\/wp\/v2\/media\/51196"}],"wp:attachment":[{"href":"https:\/\/staging.nbg.eu\/sv\/wp-json\/wp\/v2\/media?parent=51195"}],"wp:term":[{"taxonomy":"product_brand","embeddable":true,"href":"https:\/\/staging.nbg.eu\/sv\/wp-json\/wp\/v2\/product_brand?post=51195"},{"taxonomy":"product_cat","embeddable":true,"href":"https:\/\/staging.nbg.eu\/sv\/wp-json\/wp\/v2\/product_cat?post=51195"},{"taxonomy":"product_tag","embeddable":true,"href":"https:\/\/staging.nbg.eu\/sv\/wp-json\/wp\/v2\/product_tag?post=51195"}],"curies":[{"name":"wp","href":"https:\/\/api.w.org\/{rel}","templated":true}]}}