{"id":51026,"date":"2024-01-30T18:05:11","date_gmt":"2024-09-13T09:12:32","guid":{"rendered":"https:\/\/staging.nbg.eu\/product\/blue-force-gear-vickers-padded-sling\/"},"modified":"2024-10-30T09:10:13","modified_gmt":"2024-10-30T09:10:13","slug":"blue-force-gear-vickers-vadderad-rem","status":"publish","type":"product","link":"https:\/\/staging.nbg.eu\/sv\/produkt\/blue-force-gear-vickers-vadderad-rem\/","title":{"rendered":"Blue Force Gear Vickers Vadderad Rem"},"content":{"rendered":"<h2>Blue Force Gear Vickers Vadderad Sele<\/h2>\n<p>Vickers Vadderad Sele f\u00f6r stridstill\u00e4mpningar \u00e4r utvecklad i samarbete med Larry Vickers, tidigare medlem i 1st SFOD-Delta. Denna snabbjusterbara taktiska sele anv\u00e4nds av USA:s milit\u00e4r.<\/p>\n<h2>Huvudegenskaper:<\/h2>\n<ul>\n<li>5 cm inbyggd vaddering f\u00f6r \u00f6kad komfort<\/li>\n<li>Konstruktion av slutcellsskum<\/li>\n<li>Snabbjusterare f\u00f6r omedelbara l\u00e4ngd\u00e4ndringar<\/li>\n<li>Smidig \u00f6verg\u00e5ng fr\u00e5n b\u00e4rl\u00e4ge till stridsl\u00e4ge<\/li>\n<li>Tillverkad i USA med h\u00f6gkvalitativa material<\/li>\n<\/ul>\n<p>Vickers Vadderad Sele kombinerar komfort och funktionalitet.<\/p>\n","protected":false},"excerpt":{"rendered":"<p>Snabbjusterbar taktisk rem med vadderad komfort f\u00f6r gev\u00e4r.<\/p>\n","protected":false},"featured_media":50888,"template":"","meta":{"_acf_changed":false},"product_brand":[11143],"product_cat":[13016,13020],"product_tag":[],"class_list":{"0":"post-51026","1":"product","2":"type-product","3":"status-publish","4":"has-post-thumbnail","6":"product_brand-blue-force-gear","7":"product_cat-remmar","8":"product_cat-utrustning","10":"first","11":"instock","12":"taxable","13":"shipping-taxable","14":"purchasable","15":"product-type-variable","16":"wvs-archive-product-wrapper"},"acf":[],"_links":{"self":[{"href":"https:\/\/staging.nbg.eu\/sv\/wp-json\/wp\/v2\/product\/51026","targetHints":{"allow":["GET"]}}],"collection":[{"href":"https:\/\/staging.nbg.eu\/sv\/wp-json\/wp\/v2\/product"}],"about":[{"href":"https:\/\/staging.nbg.eu\/sv\/wp-json\/wp\/v2\/types\/product"}],"wp:featuredmedia":[{"embeddable":true,"href":"https:\/\/staging.nbg.eu\/sv\/wp-json\/wp\/v2\/media\/50888"}],"wp:attachment":[{"href":"https:\/\/staging.nbg.eu\/sv\/wp-json\/wp\/v2\/media?parent=51026"}],"wp:term":[{"taxonomy":"product_brand","embeddable":true,"href":"https:\/\/staging.nbg.eu\/sv\/wp-json\/wp\/v2\/product_brand?post=51026"},{"taxonomy":"product_cat","embeddable":true,"href":"https:\/\/staging.nbg.eu\/sv\/wp-json\/wp\/v2\/product_cat?post=51026"},{"taxonomy":"product_tag","embeddable":true,"href":"https:\/\/staging.nbg.eu\/sv\/wp-json\/wp\/v2\/product_tag?post=51026"}],"curies":[{"name":"wp","href":"https:\/\/api.w.org\/{rel}","templated":true}]}}