{"id":50531,"date":"2024-04-18T10:53:56","date_gmt":"2024-09-13T08:59:41","guid":{"rendered":"https:\/\/staging.nbg.eu\/product\/blue-force-gear-gmt-sling\/"},"modified":"2024-09-13T09:00:41","modified_gmt":"2024-09-13T09:00:41","slug":"blue-force-gear-gmt-rem","status":"publish","type":"product","link":"https:\/\/staging.nbg.eu\/sv\/produkt\/blue-force-gear-gmt-rem\/","title":{"rendered":"Blue Force Gear GMT Rem"},"content":{"rendered":"<h2>Blue Force Gear GMT Sele<\/h2>\n<p>Blue Force Gear GMT Sele f\u00f6rb\u00e4ttrar \u00e4ldre selsystem och erbjuder bekv\u00e4mlighet och funktionalitet.<\/p>\n<h2>Huvudegenskaper:<\/h2>\n<ul>\n<li>Anpassat dubbell\u00e5sande sp\u00e4nne tillverkat av h\u00e5llbar, rostfri glasfylld nylon<\/li>\n<li>CORDURA\u00ae nylonv\u00e4v f\u00f6r komfort och minskad risk f\u00f6r fasth\u00e4ktning<\/li>\n<li>Enkel justering: Dra i \u00e4nden f\u00f6r att sp\u00e4nna, greppa det sf\u00e4riska frig\u00f6ringshandtaget f\u00f6r att lossa<\/li>\n<li>Insytt stopp i \u00e4nden f\u00f6rhindrar oavsiktlig vapenfrig\u00f6ring<\/li>\n<\/ul>\n<h2>Specifikationer:<\/h2>\n<ul>\n<li>Tillg\u00e4nglig i 1&#8243; och 1,25&#8243; v\u00e4vbredd<\/li>\n<li>Kompatibel med olika skjutvapen, fr\u00e5n ultral\u00e4tta gev\u00e4r till hagelgev\u00e4r<\/li>\n<li>L\u00e4ngd: 34&#8243; &#8211; 64&#8243;<\/li>\n<li>Material: Glasf\u00f6rst\u00e4rkt DuPont Zytel\u00ae Nylon<\/li>\n<\/ul>\n<p>GMT Selen \u00e4r n\u00e4sta steg i utvecklingen av taktiska selsystem.<\/p>\n","protected":false},"excerpt":{"rendered":"<p>Innovativ taktisk rem med rostfri justerare och bekv\u00e4m v\u00e4vband.<\/p>\n","protected":false},"featured_media":50532,"template":"","meta":{"_acf_changed":false},"product_brand":[11143],"product_cat":[13016,13020],"product_tag":[],"class_list":{"0":"post-50531","1":"product","2":"type-product","3":"status-publish","4":"has-post-thumbnail","6":"product_brand-blue-force-gear","7":"product_cat-remmar","8":"product_cat-utrustning","10":"first","11":"instock","12":"taxable","13":"shipping-taxable","14":"purchasable","15":"product-type-variable","16":"wvs-archive-product-wrapper"},"acf":[],"_links":{"self":[{"href":"https:\/\/staging.nbg.eu\/sv\/wp-json\/wp\/v2\/product\/50531","targetHints":{"allow":["GET"]}}],"collection":[{"href":"https:\/\/staging.nbg.eu\/sv\/wp-json\/wp\/v2\/product"}],"about":[{"href":"https:\/\/staging.nbg.eu\/sv\/wp-json\/wp\/v2\/types\/product"}],"wp:featuredmedia":[{"embeddable":true,"href":"https:\/\/staging.nbg.eu\/sv\/wp-json\/wp\/v2\/media\/50532"}],"wp:attachment":[{"href":"https:\/\/staging.nbg.eu\/sv\/wp-json\/wp\/v2\/media?parent=50531"}],"wp:term":[{"taxonomy":"product_brand","embeddable":true,"href":"https:\/\/staging.nbg.eu\/sv\/wp-json\/wp\/v2\/product_brand?post=50531"},{"taxonomy":"product_cat","embeddable":true,"href":"https:\/\/staging.nbg.eu\/sv\/wp-json\/wp\/v2\/product_cat?post=50531"},{"taxonomy":"product_tag","embeddable":true,"href":"https:\/\/staging.nbg.eu\/sv\/wp-json\/wp\/v2\/product_tag?post=50531"}],"curies":[{"name":"wp","href":"https:\/\/api.w.org\/{rel}","templated":true}]}}