{"id":49534,"date":"2024-07-29T18:42:30","date_gmt":"2024-09-12T16:13:31","guid":{"rendered":"https:\/\/staging.nbg.eu\/product\/large-utility-dapper-pouch\/"},"modified":"2024-09-12T16:14:32","modified_gmt":"2024-09-12T16:14:32","slug":"stor-utility-dapper-ficka","status":"publish","type":"product","link":"https:\/\/staging.nbg.eu\/sv\/produkt\/stor-utility-dapper-ficka\/","title":{"rendered":"Stor Utility Dapper Ficka"},"content":{"rendered":"<div class=\"product-description\">\n<h2>Stor anv\u00e4ndbar f\u00f6rvaringsp\u00e5se<\/h2>\n<p>V\u00e5r stora anv\u00e4ndningsbara f\u00f6rvaringsp\u00e5se \u00e4r utformad f\u00f6r att h\u00e5lla de flesta vardagliga f\u00f6rem\u00e5l och utrustning. Den kan inneh\u00e5lla laddare, datorutrustning, medicinska f\u00f6rn\u00f6denheter och verktyg.<\/p>\n<ul>\n<li>Snabb installation och borttagning p\u00e5 alla \u00f6gleomr\u00e5den<\/li>\n<li>Tv\u00e5 bl\u00e5 dragkedjor f\u00f6r enkel \u00e5tkomst<\/li>\n<li>\u00d6vre gummihandtag f\u00f6r bekv\u00e4m transport<\/li>\n<li>Genomskinlig \u00f6verdel f\u00f6r att se inneh\u00e5llet<\/li>\n<li>Inre \u00f6gleomr\u00e5de f\u00f6r ytterligare organisationsalternativ<\/li>\n<li>Krokbaksida f\u00f6r montering p\u00e5 olika ytor<\/li>\n<\/ul>\n<p>Kan anv\u00e4ndas med Blue Force Gear-ryggs\u00e4ckar, Dapper-insatser eller anpassade till\u00e4mpningar.<\/p>\n<\/div>\n","protected":false},"excerpt":{"rendered":"<p>M\u00e5ngsidig, avtagbar p\u00e5se f\u00f6r vardagliga prylar och viktiga tillbeh\u00f6r.<\/p>\n","protected":false},"featured_media":49538,"template":"","meta":{"_acf_changed":false},"product_brand":[11143],"product_cat":[13011,13020],"product_tag":[],"class_list":{"0":"post-49534","1":"product","2":"type-product","3":"status-publish","4":"has-post-thumbnail","6":"product_brand-blue-force-gear","7":"product_cat-fickor","8":"product_cat-utrustning","10":"first","11":"instock","12":"taxable","13":"shipping-taxable","14":"purchasable","15":"product-type-simple"},"acf":[],"_links":{"self":[{"href":"https:\/\/staging.nbg.eu\/sv\/wp-json\/wp\/v2\/product\/49534","targetHints":{"allow":["GET"]}}],"collection":[{"href":"https:\/\/staging.nbg.eu\/sv\/wp-json\/wp\/v2\/product"}],"about":[{"href":"https:\/\/staging.nbg.eu\/sv\/wp-json\/wp\/v2\/types\/product"}],"wp:featuredmedia":[{"embeddable":true,"href":"https:\/\/staging.nbg.eu\/sv\/wp-json\/wp\/v2\/media\/49538"}],"wp:attachment":[{"href":"https:\/\/staging.nbg.eu\/sv\/wp-json\/wp\/v2\/media?parent=49534"}],"wp:term":[{"taxonomy":"product_brand","embeddable":true,"href":"https:\/\/staging.nbg.eu\/sv\/wp-json\/wp\/v2\/product_brand?post=49534"},{"taxonomy":"product_cat","embeddable":true,"href":"https:\/\/staging.nbg.eu\/sv\/wp-json\/wp\/v2\/product_cat?post=49534"},{"taxonomy":"product_tag","embeddable":true,"href":"https:\/\/staging.nbg.eu\/sv\/wp-json\/wp\/v2\/product_tag?post=49534"}],"curies":[{"name":"wp","href":"https:\/\/api.w.org\/{rel}","templated":true}]}}