{"id":48904,"date":"2024-07-29T18:47:29","date_gmt":"2024-09-12T15:58:12","guid":{"rendered":"https:\/\/staging.nbg.eu\/product\/ten-speed-triple-m4-mag-pouch\/"},"modified":"2024-09-12T15:59:16","modified_gmt":"2024-09-12T15:59:16","slug":"ten-speed-trippel-m4-magasinficka","status":"publish","type":"product","link":"https:\/\/staging.nbg.eu\/sv\/produkt\/ten-speed-trippel-m4-magasinficka\/","title":{"rendered":"Ten-Speed\u00ae Trippel M4 Magasinficka"},"content":{"rendered":"<div class=\"product-description\">\n<h2>Ten-Speed\u00ae Triple M4 Magasinficka fr\u00e5n BFG<\/h2>\n<p>Denna l\u00e4tta ficka rymmer tre AR\/M4 eller M16 magasin. Den har milit\u00e4rklassad elastisk och ULTRAcomp\u00ae laminat och ligger platt n\u00e4r den \u00e4r tom.<\/p>\n<ul>\n<li>Rymmer plast- eller metallmagasin<\/li>\n<li>Kan anv\u00e4ndas f\u00f6r sjukv\u00e5rdsmaterial, chockgranater, med mera<\/li>\n<li>MOLLE-kompatibel med Helium Whisper\u00ae f\u00e4ste<\/li>\n<li>M\u00e5tt: 0,3175 cm x 22,86 cm x 15,24 cm<\/li>\n<li>Kr\u00e4ver 3 x 6 MOLLE-f\u00e4lt<\/li>\n<\/ul>\n<p>Ten-Speed\u00ae teknologi i ett kompakt format. L\u00e4mplig f\u00f6r milit\u00e4r, polis och taktiska entusiaster.<\/p>\n<\/div>\n","protected":false},"excerpt":{"rendered":"<p>L\u00e4tt, flexibel MOLLE-ficka f\u00f6r 3 AR\/M4-magasin eller liknande f\u00f6rem\u00e5l.<\/p>\n","protected":false},"featured_media":48914,"template":"","meta":{"_acf_changed":false},"product_brand":[11143],"product_cat":[13011,12996,13020],"product_tag":[],"class_list":{"0":"post-48904","1":"product","2":"type-product","3":"status-publish","4":"has-post-thumbnail","6":"product_brand-blue-force-gear","7":"product_cat-fickor","8":"product_cat-magasinhallare","9":"product_cat-utrustning","11":"first","12":"instock","13":"taxable","14":"shipping-taxable","15":"purchasable","16":"product-type-simple"},"acf":[],"_links":{"self":[{"href":"https:\/\/staging.nbg.eu\/sv\/wp-json\/wp\/v2\/product\/48904","targetHints":{"allow":["GET"]}}],"collection":[{"href":"https:\/\/staging.nbg.eu\/sv\/wp-json\/wp\/v2\/product"}],"about":[{"href":"https:\/\/staging.nbg.eu\/sv\/wp-json\/wp\/v2\/types\/product"}],"wp:featuredmedia":[{"embeddable":true,"href":"https:\/\/staging.nbg.eu\/sv\/wp-json\/wp\/v2\/media\/48914"}],"wp:attachment":[{"href":"https:\/\/staging.nbg.eu\/sv\/wp-json\/wp\/v2\/media?parent=48904"}],"wp:term":[{"taxonomy":"product_brand","embeddable":true,"href":"https:\/\/staging.nbg.eu\/sv\/wp-json\/wp\/v2\/product_brand?post=48904"},{"taxonomy":"product_cat","embeddable":true,"href":"https:\/\/staging.nbg.eu\/sv\/wp-json\/wp\/v2\/product_cat?post=48904"},{"taxonomy":"product_tag","embeddable":true,"href":"https:\/\/staging.nbg.eu\/sv\/wp-json\/wp\/v2\/product_tag?post=48904"}],"curies":[{"name":"wp","href":"https:\/\/api.w.org\/{rel}","templated":true}]}}