{"id":48667,"date":"2024-07-29T19:02:28","date_gmt":"2024-09-12T15:50:20","guid":{"rendered":"https:\/\/staging.nbg.eu\/product\/ten-speed-single-308-mag-pouch\/"},"modified":"2024-09-12T15:51:21","modified_gmt":"2024-09-12T15:51:21","slug":"ten-speed-enkel-308-magasinficka","status":"publish","type":"product","link":"https:\/\/staging.nbg.eu\/sv\/produkt\/ten-speed-enkel-308-magasinficka\/","title":{"rendered":"Ten-Speed\u00ae Enkel 308 Magasinficka"},"content":{"rendered":"<div class=\"product-description\">\n<h2>Ten-Speed\u00ae Enkel 308 Mag Ficka<\/h2>\n<p>En l\u00f6sning f\u00f6r att b\u00e4ra .308 magasin och mer. Denna ficka rymmer ett .308 magasin (kompatibel med SR-25, SIG 716, M110, FAL, SCAR-17, NGSW, XM7) eller liknande f\u00f6rem\u00e5l som traumautrustning, sm\u00e5 radioapparater eller GPS-enheter.<\/p>\n<h3>Huvudegenskaper:<\/h3>\n<ul>\n<li>L\u00e4tt och l\u00e5gprofildesign<\/li>\n<li>Milit\u00e4rklassad elastisk och ULTRAcomp\u2122 laminat<\/li>\n<li>Patenterat Helium Whisper\u00ae f\u00e4stsystem<\/li>\n<li>MOLLE-kompatibel<\/li>\n<li>F\u00f6rb\u00e4ttrad fasth\u00e5llning och h\u00e5llbarhet<\/li>\n<li>V\u00e4ger 60% mindre \u00e4n traditionella fickor<\/li>\n<\/ul>\n<p>Ten-Speed\u00ae Enkel 308 Mag Ficka kombinerar hastighet och s\u00e4kerhet.<\/p>\n<\/div>\n","protected":false},"excerpt":{"rendered":"<p>L\u00e4tt, m\u00e5ngsidig .308 mag-ficka med s\u00e4ker elastisk retention.<\/p>\n","protected":false},"featured_media":48670,"template":"","meta":{"_acf_changed":false},"product_brand":[11143],"product_cat":[13011,12996,13020],"product_tag":[],"class_list":{"0":"post-48667","1":"product","2":"type-product","3":"status-publish","4":"has-post-thumbnail","6":"product_brand-blue-force-gear","7":"product_cat-fickor","8":"product_cat-magasinhallare","9":"product_cat-utrustning","11":"first","12":"instock","13":"taxable","14":"shipping-taxable","15":"purchasable","16":"product-type-simple"},"acf":[],"_links":{"self":[{"href":"https:\/\/staging.nbg.eu\/sv\/wp-json\/wp\/v2\/product\/48667","targetHints":{"allow":["GET"]}}],"collection":[{"href":"https:\/\/staging.nbg.eu\/sv\/wp-json\/wp\/v2\/product"}],"about":[{"href":"https:\/\/staging.nbg.eu\/sv\/wp-json\/wp\/v2\/types\/product"}],"wp:featuredmedia":[{"embeddable":true,"href":"https:\/\/staging.nbg.eu\/sv\/wp-json\/wp\/v2\/media\/48670"}],"wp:attachment":[{"href":"https:\/\/staging.nbg.eu\/sv\/wp-json\/wp\/v2\/media?parent=48667"}],"wp:term":[{"taxonomy":"product_brand","embeddable":true,"href":"https:\/\/staging.nbg.eu\/sv\/wp-json\/wp\/v2\/product_brand?post=48667"},{"taxonomy":"product_cat","embeddable":true,"href":"https:\/\/staging.nbg.eu\/sv\/wp-json\/wp\/v2\/product_cat?post=48667"},{"taxonomy":"product_tag","embeddable":true,"href":"https:\/\/staging.nbg.eu\/sv\/wp-json\/wp\/v2\/product_tag?post=48667"}],"curies":[{"name":"wp","href":"https:\/\/api.w.org\/{rel}","templated":true}]}}