{"id":48584,"date":"2024-07-30T17:57:46","date_gmt":"2024-07-30T17:57:46","guid":{"rendered":"https:\/\/staging.nbg.eu\/product\/red-dot-sight-holosun-hs503gu\/"},"modified":"2024-09-12T15:43:00","modified_gmt":"2024-09-12T15:43:00","slug":"roedpunktsikte-holosun-hs503gu","status":"publish","type":"product","link":"https:\/\/staging.nbg.eu\/sv\/produkt\/roedpunktsikte-holosun-hs503gu\/","title":{"rendered":"R\u00f6dpunktsikte Holosun HS503GU"},"content":{"rendered":"<h2>Holosun HS503GU R\u00f6dpunktsikte<\/h2>\n<p>Holosun HS503GU R\u00f6dpunktsikte har f\u00f6ljande egenskaper:<\/p>\n<ul>\n<li>Cirkelsikte med 2 MOA punkt och 65 MOA cirkel<\/li>\n<li>Batteriplacering i en p\u00e5skruvbar turret<\/li>\n<li>Skyddande h\u00f6lje f\u00f6r vindage- och elevationsturretar<\/li>\n<li>Batteritid upp till 2 \u00e5r vid konstant anv\u00e4ndning<\/li>\n<li>R\u00f6relsestyrd p\u00e5\/av-funktion f\u00f6r l\u00e4ngre batteritid<\/li>\n<li>LED-teknologi<\/li>\n<li>Vinklat linssystem f\u00f6r ljusreflektion<\/li>\n<li>Aluminiumkonstruktion (0,18 kg)<\/li>\n<li>Storlek: 6,6 cm L x 3,8 cm B x 6,9 cm H<\/li>\n<li>1x f\u00f6rstoring<\/li>\n<li>Kompatibel med Picatinny-f\u00e4ste<\/li>\n<\/ul>\n<p>HS503GU \u00e4r l\u00e4mplig f\u00f6r jakt och taktiskt skytte. Den erbjuder precision och h\u00e5llbarhet.<\/p>\n","protected":false},"excerpt":{"rendered":"<p>Kompakt r\u00f6dpunktsikte med cirkelformat riktmedel och l\u00e5ng batteritid.<\/p>\n","protected":false},"featured_media":48585,"template":"","meta":{"_acf_changed":false},"product_brand":[11437],"product_cat":[13063,13030,13029],"product_tag":[],"class_list":{"0":"post-48584","1":"product","2":"type-product","3":"status-publish","4":"has-post-thumbnail","6":"product_brand-holosun","7":"product_cat-gevaerssikten","8":"product_cat-roedpunktsikten","9":"product_cat-siktning","11":"first","12":"outofstock","13":"taxable","14":"shipping-taxable","15":"purchasable","16":"product-type-simple"},"acf":[],"_links":{"self":[{"href":"https:\/\/staging.nbg.eu\/sv\/wp-json\/wp\/v2\/product\/48584","targetHints":{"allow":["GET"]}}],"collection":[{"href":"https:\/\/staging.nbg.eu\/sv\/wp-json\/wp\/v2\/product"}],"about":[{"href":"https:\/\/staging.nbg.eu\/sv\/wp-json\/wp\/v2\/types\/product"}],"wp:featuredmedia":[{"embeddable":true,"href":"https:\/\/staging.nbg.eu\/sv\/wp-json\/wp\/v2\/media\/48585"}],"wp:attachment":[{"href":"https:\/\/staging.nbg.eu\/sv\/wp-json\/wp\/v2\/media?parent=48584"}],"wp:term":[{"taxonomy":"product_brand","embeddable":true,"href":"https:\/\/staging.nbg.eu\/sv\/wp-json\/wp\/v2\/product_brand?post=48584"},{"taxonomy":"product_cat","embeddable":true,"href":"https:\/\/staging.nbg.eu\/sv\/wp-json\/wp\/v2\/product_cat?post=48584"},{"taxonomy":"product_tag","embeddable":true,"href":"https:\/\/staging.nbg.eu\/sv\/wp-json\/wp\/v2\/product_tag?post=48584"}],"curies":[{"name":"wp","href":"https:\/\/api.w.org\/{rel}","templated":true}]}}