{"id":48298,"date":"2024-07-30T18:00:01","date_gmt":"2024-09-12T15:21:25","guid":{"rendered":"https:\/\/staging.nbg.eu\/product\/red-dot-sight-holosun-hs507k\/"},"modified":"2024-09-12T15:22:17","modified_gmt":"2024-09-12T15:22:17","slug":"roedpunktsikte-holosun-hs507k","status":"publish","type":"product","link":"https:\/\/staging.nbg.eu\/sv\/produkt\/roedpunktsikte-holosun-hs507k\/","title":{"rendered":"R\u00f6dpunktsikte Holosun HS507K"},"content":{"rendered":"<h2>Holosun HS507K X2 R\u00f6dpunktsikte<\/h2>\n<p>Holosun HS507K X2 \u00e4r ett \u00f6ppet reflexsikte designat f\u00f6r kompakta pistoler. Detta sikte f\u00f6rb\u00e4ttrar f\u00f6reg\u00e5ngaren med till\u00e4gg av l\u00e5sl\u00e4ge, en funktion som s\u00e4krar knappinst\u00e4llningar f\u00f6r att f\u00f6rhindra oavsiktliga \u00e4ndringar.<\/p>\n<h2>Huvudfunktioner:<\/h2>\n<ul>\n<li>R\u00f6d Super LED med upp till 50 000 timmars batteritid<\/li>\n<li>Multiriktmedelsystem: Cirkelpunkt, 2 MOA punkt och 32 MOA cirkel<\/li>\n<li>Shake Awake-teknik f\u00f6r omedelbar aktivering<\/li>\n<li>H\u00f6lje i 7075 aluminium<\/li>\n<li>Sidomonterat fack f\u00f6r enkelt batteribyte (1632)<\/li>\n<li>Kompatibel med P365X\/XL (adapterplatta kr\u00e4vs f\u00f6r fyrapunkts gr\u00e4nssnittsglider)<\/li>\n<\/ul>\n<h2>Specifikationer:<\/h2>\n<ul>\n<li>12 ljusstyrkeniv\u00e5er: 10 dagsljus &amp; 2 m\u00f6rkerseendekompatibla<\/li>\n<li>Parallaxfri &amp; obegr\u00e4nsat \u00f6gonavst\u00e5nd<\/li>\n<li>IP67 vattent\u00e4t klassificering<\/li>\n<li>F\u00f6nsterstorlek: 0,58&#8243; x 0,77&#8243;<\/li>\n<li>M\u00e5tt: 1,6&#8243; x 0,98&#8243; x 0,95&#8243;<\/li>\n<li>Vikt: 28 gram<\/li>\n<li>1 MOA klickjustering<\/li>\n<li>\u00b130 MOA vindavdrift och h\u00f6jdjusteringsomr\u00e5de<\/li>\n<li>Drifttemperatur: -20\u00b0C till 51\u00b0C<\/li>\n<li>F\u00f6rvaringstemperatur: -20\u00b0C till 65\u00b0C<\/li>\n<li>Vibrationsresistens: 5000G<\/li>\n<\/ul>\n<p>HS507K X2 \u00e4r l\u00e4mplig f\u00f6r dolda b\u00e4rda vapen, och erbjuder en kompakt l\u00f6sning f\u00f6r f\u00f6rb\u00e4ttrad m\u00e5linf\u00e5ngning. Dess konstruktion och funktioner g\u00f6r den till ett val f\u00f6r vapenentusiaster och yrkesverksamma. Upplev f\u00f6rb\u00e4ttrad precision och snabbare m\u00e5linf\u00e5ngning med Holosun HS507K X2 r\u00f6dpunktsikte.<\/p>\n","protected":false},"excerpt":{"rendered":"<p>Kompakt r\u00f6d-punktsikte f\u00f6r pistoler. Flera riktmedel, l\u00e5ng batteritid, h\u00e5llbar.<\/p>\n","protected":false},"featured_media":48299,"template":"","meta":{"_acf_changed":false},"product_brand":[11437],"product_cat":[13010,13009,13030,13029],"product_tag":[],"class_list":{"0":"post-48298","1":"product","2":"type-product","3":"status-publish","4":"has-post-thumbnail","6":"product_brand-holosun","7":"product_cat-pistol","8":"product_cat-pistolroedpunkter","9":"product_cat-roedpunktsikten","10":"product_cat-siktning","12":"first","13":"instock","14":"taxable","15":"shipping-taxable","16":"purchasable","17":"product-type-simple"},"acf":[],"_links":{"self":[{"href":"https:\/\/staging.nbg.eu\/sv\/wp-json\/wp\/v2\/product\/48298","targetHints":{"allow":["GET"]}}],"collection":[{"href":"https:\/\/staging.nbg.eu\/sv\/wp-json\/wp\/v2\/product"}],"about":[{"href":"https:\/\/staging.nbg.eu\/sv\/wp-json\/wp\/v2\/types\/product"}],"wp:featuredmedia":[{"embeddable":true,"href":"https:\/\/staging.nbg.eu\/sv\/wp-json\/wp\/v2\/media\/48299"}],"wp:attachment":[{"href":"https:\/\/staging.nbg.eu\/sv\/wp-json\/wp\/v2\/media?parent=48298"}],"wp:term":[{"taxonomy":"product_brand","embeddable":true,"href":"https:\/\/staging.nbg.eu\/sv\/wp-json\/wp\/v2\/product_brand?post=48298"},{"taxonomy":"product_cat","embeddable":true,"href":"https:\/\/staging.nbg.eu\/sv\/wp-json\/wp\/v2\/product_cat?post=48298"},{"taxonomy":"product_tag","embeddable":true,"href":"https:\/\/staging.nbg.eu\/sv\/wp-json\/wp\/v2\/product_tag?post=48298"}],"curies":[{"name":"wp","href":"https:\/\/api.w.org\/{rel}","templated":true}]}}