{"id":47857,"date":"2024-07-30T18:21:46","date_gmt":"2024-09-12T13:52:44","guid":{"rendered":"https:\/\/staging.nbg.eu\/product\/surefire-supressor-alighnment-rod\/"},"modified":"2024-09-12T13:53:39","modified_gmt":"2024-09-12T13:53:39","slug":"surefire-ljuddaemparjusteringsstav","status":"publish","type":"product","link":"https:\/\/staging.nbg.eu\/sv\/produkt\/surefire-ljuddaemparjusteringsstav\/","title":{"rendered":"SureFire Ljudd\u00e4mparjusteringsstav"},"content":{"rendered":"<p style=\"text-align: center\"><span style=\"font-size: 170%\"><strong>SureFire pipjusteringsst\u00e4nger<\/strong><\/span><\/p>\n<p>SureFire pipst\u00e4nger \u00e4r verktyg som s\u00e4kerst\u00e4ller korrekt koncentricitet l\u00e4ngs kulans flygbana vid skjutning med ljudd\u00e4mpare p\u00e5 en ny plattform. St\u00e5ngen representerar kulans flygbana och visar eventuell felaktig inriktning. SureFire rekommenderar att operat\u00f6rer verifierar inriktningen mellan pipa, adapter och ljudd\u00e4mpare p\u00e5 nya eller tidigare oavfyrade upps\u00e4ttningar. V\u00e4lj motsvarande st\u00e5ng f\u00f6r ditt gev\u00e4r eller karbin.<\/p>\n<p><span style=\"color: #282828\"><strong><span style=\"font-size: 150%\">EGENSKAPER:<\/span><\/strong><\/span><\/p>\n<p style=\"padding-left: 40px\">\u2588 Tillverkad i USA<\/p>\n<p style=\"padding-left: 40px\">\u2588 V\u00e4rmebehandlat rostfritt st\u00e5l<\/p>\n<p style=\"padding-left: 40px\">\u2588 F\u00f6r validering av upps\u00e4ttning innan f\u00f6rsta skottet<\/p>\n<p style=\"padding-left: 40px\">\u2588 Precisionssvarv f\u00f6r noggrann verifiering<\/p>\n<p style=\"padding-left: 40px\">\u2588 Visar avvikelser i inriktningen<\/p>\n<p style=\"padding-left: 40px\">\u2588 SureFire-godk\u00e4nd metod f\u00f6r att verifiera korrekt ljudd\u00e4mparinriktning<\/p>\n<p style=\"padding-left: 40px\">\u2588 Specifika kaliberst\u00e4nger f\u00f6r popul\u00e4ra alternativ<\/p>\n<p style=\"padding-left: 40px\">\u2588 Lika avst\u00e5nd b\u00f6r synas mellan ljudd\u00e4mparens pip och centrerad st\u00e5ng<\/p>\n<p style=\"padding-left: 40px\">\u2588 F\u00f6r in st\u00e5ngen genom den monterade ljudd\u00e4mparen p\u00e5 ett oladdat vapen<\/p>\n<p style=\"padding-left: 40px\">\u2588 Tillg\u00e4nglig f\u00f6r popul\u00e4ra kalibrar (5,56 mm, 6,5 mm, 6,8 mm, 7,62 mm, 9 mm, .338)<\/p>\n<table width=\"595\">\n<tbody>\n<tr>\n<td colspan=\"2\" width=\"595\"><span style=\"font-size: 150%;color: #282828\"><b>HUVUDEGENSKAPER<\/b><\/span><\/td>\n<\/tr>\n<tr>\n<td width=\"198\"><b>KALIBER<\/b><\/td>\n<td width=\"397\">5,56 mm, 6,5 mm, 6,8 mm, 7,62 mm, 9 mm, .338 kal<\/td>\n<\/tr>\n<tr>\n<td width=\"198\"><b>KONSTRUKTION<\/b><\/td>\n<td width=\"397\">V\u00e4rmebehandlat rostfritt st\u00e5l<\/td>\n<\/tr>\n<\/tbody>\n<\/table>\n","protected":false},"excerpt":{"rendered":"<p><strong>SureFire justeringsverktyg f\u00f6r ljudd\u00e4mpare<\/strong><\/p>\n","protected":false},"featured_media":47859,"template":"","meta":{"_acf_changed":false},"product_brand":[11880],"product_cat":[12988,13025,13056],"product_tag":[],"class_list":{"0":"post-47857","1":"product","2":"type-product","3":"status-publish","4":"has-post-thumbnail","6":"product_brand-surefire","7":"product_cat-ljuddaempare","8":"product_cat-ljuddaempartillbehoer","9":"product_cat-verktyg","11":"first","12":"instock","13":"taxable","14":"shipping-taxable","15":"purchasable","16":"product-type-variable","17":"wvs-archive-product-wrapper"},"acf":[],"_links":{"self":[{"href":"https:\/\/staging.nbg.eu\/sv\/wp-json\/wp\/v2\/product\/47857","targetHints":{"allow":["GET"]}}],"collection":[{"href":"https:\/\/staging.nbg.eu\/sv\/wp-json\/wp\/v2\/product"}],"about":[{"href":"https:\/\/staging.nbg.eu\/sv\/wp-json\/wp\/v2\/types\/product"}],"wp:featuredmedia":[{"embeddable":true,"href":"https:\/\/staging.nbg.eu\/sv\/wp-json\/wp\/v2\/media\/47859"}],"wp:attachment":[{"href":"https:\/\/staging.nbg.eu\/sv\/wp-json\/wp\/v2\/media?parent=47857"}],"wp:term":[{"taxonomy":"product_brand","embeddable":true,"href":"https:\/\/staging.nbg.eu\/sv\/wp-json\/wp\/v2\/product_brand?post=47857"},{"taxonomy":"product_cat","embeddable":true,"href":"https:\/\/staging.nbg.eu\/sv\/wp-json\/wp\/v2\/product_cat?post=47857"},{"taxonomy":"product_tag","embeddable":true,"href":"https:\/\/staging.nbg.eu\/sv\/wp-json\/wp\/v2\/product_tag?post=47857"}],"curies":[{"name":"wp","href":"https:\/\/api.w.org\/{rel}","templated":true}]}}