{"id":47647,"date":"2024-07-30T18:46:42","date_gmt":"2024-09-12T13:45:21","guid":{"rendered":"https:\/\/staging.nbg.eu\/product\/surefire-dg-11-switch\/"},"modified":"2024-09-12T13:46:13","modified_gmt":"2024-09-12T13:46:13","slug":"surefire-dg-11-stroembrytare","status":"publish","type":"product","link":"https:\/\/staging.nbg.eu\/sv\/produkt\/surefire-dg-11-stroembrytare\/","title":{"rendered":"SureFire DG-11 Str\u00f6mbrytare"},"content":{"rendered":"<div class=\"product-description\">\n<h2>SureFire DG-11 SWITCH<\/h2>\n<p>SureFire DG-11 SWITCH \u00e4r utformad f\u00f6r Glock Gen 3\/4\/5 pistoler med tillbeh\u00f6rsskenor. Denna greppstr\u00f6mbrytare erbjuder:<\/p>\n<ul>\n<li>Aktivering av vapenlampan utan att \u00e4ndra greppet<\/li>\n<li>Dubbelsidig momentan och konstant p\u00e5\/av-brytare<\/li>\n<li>Liten mittmonterad platta f\u00f6r exakt kontroll<\/li>\n<li>Kompatibel med X-Series vapenlampor (f\u00f6rutom XH50G)<\/li>\n<\/ul>\n<p>DG-11 l\u00e5ter anv\u00e4ndare aktivera lampan med fingertryck medan de beh\u00e5ller ett fast grepp om vapnet. Denna utformning s\u00e4kerst\u00e4ller snabb och exakt ljuskontroll i stressiga situationer, vilket g\u00f6r den till ett tillbeh\u00f6r f\u00f6r polis, milit\u00e4r personal och ansvarsfulla vapen\u00e4gare.<\/p>\n<\/div>\n","protected":false},"excerpt":{"rendered":"<p>Greppenmonterad str\u00f6mbrytare f\u00f6r exakt kontroll av vapenlampa p\u00e5 Glock-pistoler.<\/p>\n","protected":false},"featured_media":47648,"template":"","meta":{"_acf_changed":false},"product_brand":[11880],"product_cat":[13044,13068,13037],"product_tag":[],"class_list":{"0":"post-47647","1":"product","2":"type-product","3":"status-publish","4":"has-post-thumbnail","6":"product_brand-surefire","7":"product_cat-lampor","8":"product_cat-lampstillbehoer","9":"product_cat-pistollampor","11":"first","12":"instock","13":"taxable","14":"shipping-taxable","15":"purchasable","16":"product-type-simple"},"acf":[],"_links":{"self":[{"href":"https:\/\/staging.nbg.eu\/sv\/wp-json\/wp\/v2\/product\/47647","targetHints":{"allow":["GET"]}}],"collection":[{"href":"https:\/\/staging.nbg.eu\/sv\/wp-json\/wp\/v2\/product"}],"about":[{"href":"https:\/\/staging.nbg.eu\/sv\/wp-json\/wp\/v2\/types\/product"}],"wp:featuredmedia":[{"embeddable":true,"href":"https:\/\/staging.nbg.eu\/sv\/wp-json\/wp\/v2\/media\/47648"}],"wp:attachment":[{"href":"https:\/\/staging.nbg.eu\/sv\/wp-json\/wp\/v2\/media?parent=47647"}],"wp:term":[{"taxonomy":"product_brand","embeddable":true,"href":"https:\/\/staging.nbg.eu\/sv\/wp-json\/wp\/v2\/product_brand?post=47647"},{"taxonomy":"product_cat","embeddable":true,"href":"https:\/\/staging.nbg.eu\/sv\/wp-json\/wp\/v2\/product_cat?post=47647"},{"taxonomy":"product_tag","embeddable":true,"href":"https:\/\/staging.nbg.eu\/sv\/wp-json\/wp\/v2\/product_tag?post=47647"}],"curies":[{"name":"wp","href":"https:\/\/api.w.org\/{rel}","templated":true}]}}