{"id":47204,"date":"2024-07-30T18:50:58","date_gmt":"2024-07-30T18:50:58","guid":{"rendered":"https:\/\/staging.nbg.eu\/product\/surefire-sflfp123-batteries-charger\/"},"modified":"2024-09-12T13:09:06","modified_gmt":"2024-09-12T13:09:06","slug":"surefire-sflfp123-batterier-laddare","status":"publish","type":"product","link":"https:\/\/staging.nbg.eu\/sv\/produkt\/surefire-sflfp123-batterier-laddare\/","title":{"rendered":"SureFire SFLFP123 Batterier + Laddare"},"content":{"rendered":"<p>SureFire SFLFP123 BATTERIER + Laddare Kit<\/p>\n<ul>\n<li>Laddningsbara SFLFP123-batterier \u00e4r billigare \u00e4n eng\u00e5ngs 123A litiumbatterier<\/li>\n<li>Inneh\u00e5ller inga farliga tungmetaller<\/li>\n<li>Tv\u00e5facks laddare f\u00f6r laddning hemma eller p\u00e5 resan<\/li>\n<li>Kitet inneh\u00e5ller:\n<ul>\n<li>Tv\u00e5 litiumj\u00e4rnfosfat (LiFePO4) 450mAh 3.2V laddningsbara celler<\/li>\n<li>Tv\u00e5facks batteriladdare<\/li>\n<li>MICRO-USB till USB-A kabel<\/li>\n<\/ul>\n<\/li>\n<\/ul>\n<p>SureFire SFLFP123 BATTERIER + Laddare<\/p>\n","protected":false},"excerpt":{"rendered":"<p>Laddningsbara LiFePO4-batterier med laddare. Milj\u00f6v\u00e4nliga, kostnadseffektiva.<\/p>\n","protected":false},"featured_media":47182,"template":"","meta":{"_acf_changed":false},"product_brand":[11880],"product_cat":[12992,13044,13068],"product_tag":[],"class_list":{"0":"post-47204","1":"product","2":"type-product","3":"status-publish","4":"has-post-thumbnail","6":"product_brand-surefire","7":"product_cat-batterier","8":"product_cat-lampor","9":"product_cat-lampstillbehoer","11":"first","12":"outofstock","13":"taxable","14":"shipping-taxable","15":"purchasable","16":"product-type-simple"},"acf":[],"_links":{"self":[{"href":"https:\/\/staging.nbg.eu\/sv\/wp-json\/wp\/v2\/product\/47204","targetHints":{"allow":["GET"]}}],"collection":[{"href":"https:\/\/staging.nbg.eu\/sv\/wp-json\/wp\/v2\/product"}],"about":[{"href":"https:\/\/staging.nbg.eu\/sv\/wp-json\/wp\/v2\/types\/product"}],"wp:featuredmedia":[{"embeddable":true,"href":"https:\/\/staging.nbg.eu\/sv\/wp-json\/wp\/v2\/media\/47182"}],"wp:attachment":[{"href":"https:\/\/staging.nbg.eu\/sv\/wp-json\/wp\/v2\/media?parent=47204"}],"wp:term":[{"taxonomy":"product_brand","embeddable":true,"href":"https:\/\/staging.nbg.eu\/sv\/wp-json\/wp\/v2\/product_brand?post=47204"},{"taxonomy":"product_cat","embeddable":true,"href":"https:\/\/staging.nbg.eu\/sv\/wp-json\/wp\/v2\/product_cat?post=47204"},{"taxonomy":"product_tag","embeddable":true,"href":"https:\/\/staging.nbg.eu\/sv\/wp-json\/wp\/v2\/product_tag?post=47204"}],"curies":[{"name":"wp","href":"https:\/\/api.w.org\/{rel}","templated":true}]}}