{"id":47097,"date":"2024-07-30T19:06:10","date_gmt":"2024-09-12T12:56:26","guid":{"rendered":"https:\/\/staging.nbg.eu\/product\/iosso-ar-rifle-complete-cleaning-kit\/"},"modified":"2024-09-12T12:57:21","modified_gmt":"2024-09-12T12:57:21","slug":"iosso-ar-gevaer-komplett-rengoeringskit","status":"publish","type":"product","link":"https:\/\/staging.nbg.eu\/sv\/produkt\/iosso-ar-gevaer-komplett-rengoeringskit\/","title":{"rendered":"Iosso AR Gev\u00e4r Komplett Reng\u00f6ringskit"},"content":{"rendered":"<div class=\"product-description\">\n<h2>Iosso AR Gev\u00e4r Komplett Reng\u00f6ringsset<\/h2>\n<p>Reng\u00f6ringsset f\u00f6r skjutvapen. Inneh\u00e5ller:<\/p>\n<ul>\n<li>6 anpassade borstar f\u00f6r reng\u00f6ring<\/li>\n<li>Reng\u00f6r \u00f6vre mottagare, kammare, slutstycke, .223\/.30 kaliber, nyckelr\u00f6r och gasr\u00f6r<\/li>\n<li>Gasr\u00f6rsborste reng\u00f6r utan demontering<\/li>\n<li>Inkluderar n\u00f6dv\u00e4ndiga verktyg, st\u00e5ng och rep<\/li>\n<li>Anv\u00e4ndbar f\u00f6r pistoler, gev\u00e4r och hagelgev\u00e4r<\/li>\n<li>V\u00e4ska ing\u00e5r<\/li>\n<\/ul>\n<p>Kan anv\u00e4ndas med Iosso Lopprenare och Trippelverkande Olja f\u00f6r b\u00e4sta resultat (s\u00e4ljs separat).<\/p>\n<\/div>\n","protected":false},"excerpt":{"rendered":"<p>Omfattande reng\u00f6ringskit f\u00f6r AR-gev\u00e4r med 6 borstar och n\u00f6dv\u00e4ndiga verktyg.<\/p>\n","protected":false},"featured_media":107649,"template":"","meta":{"_acf_changed":false},"product_brand":[11478],"product_cat":[13061,12999,13034],"product_tag":[],"class_list":{"0":"post-47097","1":"product","2":"type-product","3":"status-publish","4":"has-post-thumbnail","6":"product_brand-iosso","7":"product_cat-borstar","8":"product_cat-rengoeringsset","9":"product_cat-vapenrengoering","10":"pa_model-ar-308-sv-2","11":"pa_model-ar-15-sv","13":"first","14":"instock","15":"taxable","16":"shipping-taxable","17":"purchasable","18":"product-type-variable","19":"wvs-archive-product-wrapper"},"acf":[],"_links":{"self":[{"href":"https:\/\/staging.nbg.eu\/sv\/wp-json\/wp\/v2\/product\/47097","targetHints":{"allow":["GET"]}}],"collection":[{"href":"https:\/\/staging.nbg.eu\/sv\/wp-json\/wp\/v2\/product"}],"about":[{"href":"https:\/\/staging.nbg.eu\/sv\/wp-json\/wp\/v2\/types\/product"}],"wp:featuredmedia":[{"embeddable":true,"href":"https:\/\/staging.nbg.eu\/sv\/wp-json\/wp\/v2\/media\/107649"}],"wp:attachment":[{"href":"https:\/\/staging.nbg.eu\/sv\/wp-json\/wp\/v2\/media?parent=47097"}],"wp:term":[{"taxonomy":"product_brand","embeddable":true,"href":"https:\/\/staging.nbg.eu\/sv\/wp-json\/wp\/v2\/product_brand?post=47097"},{"taxonomy":"product_cat","embeddable":true,"href":"https:\/\/staging.nbg.eu\/sv\/wp-json\/wp\/v2\/product_cat?post=47097"},{"taxonomy":"product_tag","embeddable":true,"href":"https:\/\/staging.nbg.eu\/sv\/wp-json\/wp\/v2\/product_tag?post=47097"}],"curies":[{"name":"wp","href":"https:\/\/api.w.org\/{rel}","templated":true}]}}