{"id":46848,"date":"2024-07-30T19:41:53","date_gmt":"2024-09-12T12:05:01","guid":{"rendered":"https:\/\/staging.nbg.eu\/product\/iosso-pistol-brush\/"},"modified":"2024-09-12T12:06:34","modified_gmt":"2024-09-12T12:06:34","slug":"iosso-pistolborste","status":"publish","type":"product","link":"https:\/\/staging.nbg.eu\/sv\/produkt\/iosso-pistolborste\/","title":{"rendered":"Iosso Pistolborste"},"content":{"rendered":"<p>\n<strong>Iosso Pistolborste<\/strong> \u00e4r ett reng\u00f6ringsverktyg f\u00f6r pipor:<\/p>\n<ul>\n<li>Bl\u00e5 fibrer f\u00f6r identifiering<\/li>\n<li>Tjockare, styvare borst m\u00f6jligg\u00f6r r\u00f6relse fram och tillbaka<\/li>\n<li>8-10 g\u00e5nger mer h\u00e5llbar \u00e4n traditionella borstar<\/li>\n<li>T\u00e4tt virad med mer fiber per tum<\/li>\n<li>L\u00e4mplig f\u00f6r anv\u00e4ndning med Iosso Bore Cleaner och Triple Action Solution<\/li>\n<li>Avl\u00e4gsnar alla typer av bel\u00e4ggningar<\/li>\n<li>Minskar reng\u00f6ringstiden f\u00f6r en ren pipa<\/li>\n<\/ul>\n<p>Finns i olika storlekar f\u00f6r skjutvapen. Bl\u00e5 borstar \u00e4r ett varum\u00e4rke f\u00f6r Iosso Products.<\/p>\n","protected":false},"excerpt":{"rendered":"<p>H\u00e5llbar koboltbl\u00e5 pistolborste f\u00f6r effektiv och grundlig reng\u00f6ring av pipan.<\/p>\n","protected":false},"featured_media":107504,"template":"","meta":{"_acf_changed":false},"product_brand":[11478],"product_cat":[13061,13034],"product_tag":[],"class_list":{"0":"post-46848","1":"product","2":"type-product","3":"status-publish","4":"has-post-thumbnail","6":"product_brand-iosso","7":"product_cat-borstar","8":"product_cat-vapenrengoering","10":"first","11":"instock","12":"taxable","13":"shipping-taxable","14":"purchasable","15":"product-type-variable","16":"wvs-archive-product-wrapper"},"acf":[],"_links":{"self":[{"href":"https:\/\/staging.nbg.eu\/sv\/wp-json\/wp\/v2\/product\/46848","targetHints":{"allow":["GET"]}}],"collection":[{"href":"https:\/\/staging.nbg.eu\/sv\/wp-json\/wp\/v2\/product"}],"about":[{"href":"https:\/\/staging.nbg.eu\/sv\/wp-json\/wp\/v2\/types\/product"}],"wp:featuredmedia":[{"embeddable":true,"href":"https:\/\/staging.nbg.eu\/sv\/wp-json\/wp\/v2\/media\/107504"}],"wp:attachment":[{"href":"https:\/\/staging.nbg.eu\/sv\/wp-json\/wp\/v2\/media?parent=46848"}],"wp:term":[{"taxonomy":"product_brand","embeddable":true,"href":"https:\/\/staging.nbg.eu\/sv\/wp-json\/wp\/v2\/product_brand?post=46848"},{"taxonomy":"product_cat","embeddable":true,"href":"https:\/\/staging.nbg.eu\/sv\/wp-json\/wp\/v2\/product_cat?post=46848"},{"taxonomy":"product_tag","embeddable":true,"href":"https:\/\/staging.nbg.eu\/sv\/wp-json\/wp\/v2\/product_tag?post=46848"}],"curies":[{"name":"wp","href":"https:\/\/api.w.org\/{rel}","templated":true}]}}