{"id":46726,"date":"2024-07-30T19:46:24","date_gmt":"2024-09-11T16:05:00","guid":{"rendered":"https:\/\/staging.nbg.eu\/product\/iosso-rifle-brush\/"},"modified":"2024-09-11T16:06:56","modified_gmt":"2024-09-11T16:06:56","slug":"iosso-gevaerborste","status":"publish","type":"product","link":"https:\/\/staging.nbg.eu\/sv\/produkt\/iosso-gevaerborste\/","title":{"rendered":"Iosso Gev\u00e4rborste"},"content":{"rendered":"<p>\nGev\u00e4rborste i koboltbl\u00e5tt fr\u00e5n Iosso Products. Egenskaper:<\/p>\n<ul>\n<li>Tjockare, styvare fibrer f\u00f6r reng\u00f6ring fram och tillbaka<\/li>\n<li>T\u00e4tt lindad med mer fiber per tum<\/li>\n<li>Kan \u00e5teranv\u00e4ndas flera g\u00e5nger<\/li>\n<li>L\u00e4mplig f\u00f6r anv\u00e4ndning med Iosso Bore Cleaner<\/li>\n<li>Avl\u00e4gsnar alla typer av bel\u00e4ggningar<\/li>\n<li>Minskar reng\u00f6ringstiden avsev\u00e4rt<\/li>\n<\/ul>\n<p>Effektiv reng\u00f6ring av gev\u00e4rspipor.<\/p>\n","protected":false},"excerpt":{"rendered":"<p>H\u00e5llbar koboltbl\u00e5 gev\u00e4rborste f\u00f6r effektiv och l\u00e5ngvarig reng\u00f6ring av pipan.<\/p>\n","protected":false},"featured_media":107435,"template":"","meta":{"_acf_changed":false},"product_brand":[11478],"product_cat":[13061,13034],"product_tag":[],"class_list":{"0":"post-46726","1":"product","2":"type-product","3":"status-publish","4":"has-post-thumbnail","6":"product_brand-iosso","7":"product_cat-borstar","8":"product_cat-vapenrengoering","10":"first","11":"instock","12":"taxable","13":"shipping-taxable","14":"purchasable","15":"product-type-variable","16":"wvs-archive-product-wrapper"},"acf":[],"_links":{"self":[{"href":"https:\/\/staging.nbg.eu\/sv\/wp-json\/wp\/v2\/product\/46726","targetHints":{"allow":["GET"]}}],"collection":[{"href":"https:\/\/staging.nbg.eu\/sv\/wp-json\/wp\/v2\/product"}],"about":[{"href":"https:\/\/staging.nbg.eu\/sv\/wp-json\/wp\/v2\/types\/product"}],"wp:featuredmedia":[{"embeddable":true,"href":"https:\/\/staging.nbg.eu\/sv\/wp-json\/wp\/v2\/media\/107435"}],"wp:attachment":[{"href":"https:\/\/staging.nbg.eu\/sv\/wp-json\/wp\/v2\/media?parent=46726"}],"wp:term":[{"taxonomy":"product_brand","embeddable":true,"href":"https:\/\/staging.nbg.eu\/sv\/wp-json\/wp\/v2\/product_brand?post=46726"},{"taxonomy":"product_cat","embeddable":true,"href":"https:\/\/staging.nbg.eu\/sv\/wp-json\/wp\/v2\/product_cat?post=46726"},{"taxonomy":"product_tag","embeddable":true,"href":"https:\/\/staging.nbg.eu\/sv\/wp-json\/wp\/v2\/product_tag?post=46726"}],"curies":[{"name":"wp","href":"https:\/\/api.w.org\/{rel}","templated":true}]}}