{"id":46511,"date":"2024-07-31T20:54:52","date_gmt":"2024-09-11T15:53:23","guid":{"rendered":"https:\/\/staging.nbg.eu\/product\/shotgun-brush\/"},"modified":"2024-09-11T15:54:18","modified_gmt":"2024-09-11T15:54:18","slug":"hagelgevaersborste","status":"publish","type":"product","link":"https:\/\/staging.nbg.eu\/sv\/produkt\/hagelgevaersborste\/","title":{"rendered":"Hagelgev\u00e4rsborste"},"content":{"rendered":"<p>\nHagelgev\u00e4rborste i koboltbl\u00e5tt fr\u00e5n Iosso Products. Egenskaper:<\/p>\n<ul>\n<li>Tjockare, styvare fibrer f\u00f6r reng\u00f6ring fram och tillbaka<\/li>\n<li>T\u00e4tt virad med fler fibrer per tum<\/li>\n<li>\u00c5teranv\u00e4ndbar flera g\u00e5nger<\/li>\n<li>L\u00e4mplig f\u00f6r anv\u00e4ndning med Iosso Bore Cleaner<\/li>\n<li>Avl\u00e4gsnar alla typer av f\u00f6roreningar<\/li>\n<li>Minskar reng\u00f6ringstiden betydligt<\/li>\n<\/ul>\n<p>F\u00f6r effektiv reng\u00f6ring av pipan.<\/p>\n","protected":false},"excerpt":{"rendered":"<p>Premiumborste i koboltbl\u00e5tt f\u00f6r effektiv och grundlig reng\u00f6ring av hagelgev\u00e4r.<\/p>\n","protected":false},"featured_media":46512,"template":"","meta":{"_acf_changed":false},"product_brand":[],"product_cat":[13061,13034],"product_tag":[],"class_list":{"0":"post-46511","1":"product","2":"type-product","3":"status-publish","4":"has-post-thumbnail","6":"product_cat-borstar","7":"product_cat-vapenrengoering","9":"first","10":"instock","11":"taxable","12":"shipping-taxable","13":"purchasable","14":"product-type-variable","15":"wvs-archive-product-wrapper"},"acf":[],"_links":{"self":[{"href":"https:\/\/staging.nbg.eu\/sv\/wp-json\/wp\/v2\/product\/46511","targetHints":{"allow":["GET"]}}],"collection":[{"href":"https:\/\/staging.nbg.eu\/sv\/wp-json\/wp\/v2\/product"}],"about":[{"href":"https:\/\/staging.nbg.eu\/sv\/wp-json\/wp\/v2\/types\/product"}],"wp:featuredmedia":[{"embeddable":true,"href":"https:\/\/staging.nbg.eu\/sv\/wp-json\/wp\/v2\/media\/46512"}],"wp:attachment":[{"href":"https:\/\/staging.nbg.eu\/sv\/wp-json\/wp\/v2\/media?parent=46511"}],"wp:term":[{"taxonomy":"product_brand","embeddable":true,"href":"https:\/\/staging.nbg.eu\/sv\/wp-json\/wp\/v2\/product_brand?post=46511"},{"taxonomy":"product_cat","embeddable":true,"href":"https:\/\/staging.nbg.eu\/sv\/wp-json\/wp\/v2\/product_cat?post=46511"},{"taxonomy":"product_tag","embeddable":true,"href":"https:\/\/staging.nbg.eu\/sv\/wp-json\/wp\/v2\/product_tag?post=46511"}],"curies":[{"name":"wp","href":"https:\/\/api.w.org\/{rel}","templated":true}]}}