{"id":46378,"date":"2024-07-31T20:30:37","date_gmt":"2024-09-11T15:46:11","guid":{"rendered":"https:\/\/staging.nbg.eu\/product\/fox-ammunition-65-creed-123-gr\/"},"modified":"2024-09-11T15:47:07","modified_gmt":"2024-09-11T15:47:07","slug":"fox-ammunition-65-creed-123-gr","status":"publish","type":"product","link":"https:\/\/staging.nbg.eu\/sv\/produkt\/fox-ammunition-65-creed-123-gr\/","title":{"rendered":"Fox Ammunition 6,5 Creed. &#8211; 123 gr"},"content":{"rendered":"<h2>Fox Ammunition 6.5 Creed &#8211; 123 gr<\/h2>\n<p>Fox Ammunition&#8217;s 6.5 Creed 123 gr patroner anv\u00e4nder Fox Classic jaktkulor. Dessa blyfria projektiler \u00e4r tillverkade av en koppar-zinklegering.<\/p>\n<ul>\n<li>Blyfri sammans\u00e4ttning<\/li>\n<li>R\u00e4fflad design f\u00f6r minskat pipptryck och \u00f6kad hastighet<\/li>\n<li>V\u00e4rmestabil plastspets f\u00f6rb\u00e4ttrar ballistik och verkan i m\u00e5let<\/li>\n<li>Kontrollerad expansion f\u00f6r energi\u00f6verf\u00f6ring<\/li>\n<li>Effektiv fr\u00e5n n\u00e4ra h\u00e5ll till l\u00e5nga avst\u00e5nd<\/li>\n<li>H\u00f6g stoppkraft med minimal k\u00f6ttskada<\/li>\n<\/ul>\n<p>Fox Ammunition erbjuder precision, tillf\u00f6rlitlighet och etisk jaktpraxis.<\/p>\n","protected":false},"excerpt":{"rendered":"<p>Blyfri, precis 6,5 Creedmoor ammunition<\/p>\n","protected":false},"featured_media":46379,"template":"","meta":{"_acf_changed":false},"product_brand":[],"product_cat":[13028,13065],"product_tag":[],"class_list":{"0":"post-46378","1":"product","2":"type-product","3":"status-publish","4":"has-post-thumbnail","6":"product_cat-ammunition","7":"product_cat-gevaersammunition","9":"first","10":"instock","11":"taxable","12":"shipping-taxable","13":"purchasable","14":"product-type-simple"},"acf":[],"_links":{"self":[{"href":"https:\/\/staging.nbg.eu\/sv\/wp-json\/wp\/v2\/product\/46378","targetHints":{"allow":["GET"]}}],"collection":[{"href":"https:\/\/staging.nbg.eu\/sv\/wp-json\/wp\/v2\/product"}],"about":[{"href":"https:\/\/staging.nbg.eu\/sv\/wp-json\/wp\/v2\/types\/product"}],"wp:featuredmedia":[{"embeddable":true,"href":"https:\/\/staging.nbg.eu\/sv\/wp-json\/wp\/v2\/media\/46379"}],"wp:attachment":[{"href":"https:\/\/staging.nbg.eu\/sv\/wp-json\/wp\/v2\/media?parent=46378"}],"wp:term":[{"taxonomy":"product_brand","embeddable":true,"href":"https:\/\/staging.nbg.eu\/sv\/wp-json\/wp\/v2\/product_brand?post=46378"},{"taxonomy":"product_cat","embeddable":true,"href":"https:\/\/staging.nbg.eu\/sv\/wp-json\/wp\/v2\/product_cat?post=46378"},{"taxonomy":"product_tag","embeddable":true,"href":"https:\/\/staging.nbg.eu\/sv\/wp-json\/wp\/v2\/product_tag?post=46378"}],"curies":[{"name":"wp","href":"https:\/\/api.w.org\/{rel}","templated":true}]}}