{"id":46202,"date":"2024-08-03T08:31:54","date_gmt":"2024-09-11T15:11:31","guid":{"rendered":"https:\/\/staging.nbg.eu\/product\/rh-owb-tac-duty-holster\/"},"modified":"2024-09-11T15:12:52","modified_gmt":"2024-09-11T15:12:52","slug":"rh-owb-tacduty-hoelster","status":"publish","type":"product","link":"https:\/\/staging.nbg.eu\/sv\/produkt\/rh-owb-tacduty-hoelster\/","title":{"rendered":"RH OWB Tac\/Duty H\u00f6lster"},"content":{"rendered":"<p>RH OWB Tac\/Duty Holster \u00e4r ett kydexh\u00f6lster utformat f\u00f6r taktisk och tj\u00e4nsteanv\u00e4ndning. Egenskaper inkluderar:<\/p>\n<ul>\n<li>Kompatibel med vapenmonterade ljus<\/li>\n<li>Passar Safariland, Blackhawk eller Blade-Tech plattformar<\/li>\n<li>L\u00e4mplig f\u00f6r s\u00e4nkt l\u00e5rb\u00e4rning<\/li>\n<li>Enkel underh\u00e5ll och reng\u00f6ring<\/li>\n<li>Anv\u00e4nds av tjeckiska v\u00e4pnade styrkor och polis<\/li>\n<\/ul>\n<p>L\u00e4mplig f\u00f6r tj\u00e4nstevapen, tr\u00e4ning och taktiska operationer.<\/p>\n","protected":false},"excerpt":{"rendered":"<p>H\u00e5llbart Kydex-h\u00f6lster f\u00f6r tj\u00e4nstebruk. Passar tj\u00e4nstevapen och lampor.<\/p>\n","protected":false},"featured_media":46203,"template":"","meta":{"_acf_changed":false},"product_brand":[11645],"product_cat":[13007,13045,12994],"product_tag":[],"class_list":{"0":"post-46202","1":"product","2":"type-product","3":"status-publish","4":"has-post-thumbnail","6":"product_brand-rh-holsters","7":"product_cat-hoelster","8":"product_cat-sporthoelster","9":"product_cat-taktiskt-hoelster","10":"pa_light-surefire-x300-ultra-a-sv","11":"pa_model-glock-17-sv","12":"pa_safety-automatic-sv","13":"pa_strong-hand-right-sv","15":"first","16":"instock","17":"taxable","18":"shipping-taxable","19":"purchasable","20":"product-type-variable","21":"wvs-archive-product-wrapper"},"acf":[],"_links":{"self":[{"href":"https:\/\/staging.nbg.eu\/sv\/wp-json\/wp\/v2\/product\/46202","targetHints":{"allow":["GET"]}}],"collection":[{"href":"https:\/\/staging.nbg.eu\/sv\/wp-json\/wp\/v2\/product"}],"about":[{"href":"https:\/\/staging.nbg.eu\/sv\/wp-json\/wp\/v2\/types\/product"}],"wp:featuredmedia":[{"embeddable":true,"href":"https:\/\/staging.nbg.eu\/sv\/wp-json\/wp\/v2\/media\/46203"}],"wp:attachment":[{"href":"https:\/\/staging.nbg.eu\/sv\/wp-json\/wp\/v2\/media?parent=46202"}],"wp:term":[{"taxonomy":"product_brand","embeddable":true,"href":"https:\/\/staging.nbg.eu\/sv\/wp-json\/wp\/v2\/product_brand?post=46202"},{"taxonomy":"product_cat","embeddable":true,"href":"https:\/\/staging.nbg.eu\/sv\/wp-json\/wp\/v2\/product_cat?post=46202"},{"taxonomy":"product_tag","embeddable":true,"href":"https:\/\/staging.nbg.eu\/sv\/wp-json\/wp\/v2\/product_tag?post=46202"}],"curies":[{"name":"wp","href":"https:\/\/api.w.org\/{rel}","templated":true}]}}