{"id":46136,"date":"2024-08-03T09:01:48","date_gmt":"2024-09-11T09:29:59","guid":{"rendered":"https:\/\/staging.nbg.eu\/product\/rh-sharky-iwb-holster\/"},"modified":"2024-09-11T09:31:10","modified_gmt":"2024-09-11T09:31:10","slug":"rh-sharky-iwb-hoelster","status":"publish","type":"product","link":"https:\/\/staging.nbg.eu\/sv\/produkt\/rh-sharky-iwb-hoelster\/","title":{"rendered":"RH Sharky IWB H\u00f6lster"},"content":{"rendered":"<p>RH Sharky IWB-h\u00f6lstret erbjuder dold b\u00e4rning. Funktioner inkluderar:<\/p>\n<ul>\n<li>Vakuumpressad konstruktion<\/li>\n<li>Dubbel kl\u00e4mma f\u00f6r s\u00e4kert grepp<\/li>\n<li>Justerbar lutning och h\u00f6jd<\/li>\n<li>Rymmer r\u00f6dpunktssikten och f\u00f6rl\u00e4ngda pipor<\/li>\n<li>Integrerad klo f\u00f6r b\u00e4ttre d\u00f6ljande<\/li>\n<li>Greppjustering f\u00f6r personlig passform<\/li>\n<\/ul>\n<p>Detta h\u00f6lster f\u00f6r innanf\u00f6r byxlinningen har komfort och m\u00e5ngsidighet.<\/p>\n","protected":false},"excerpt":{"rendered":"<p>S\u00e4ker, justerbar IWB-h\u00f6lster f\u00f6r dolt b\u00e4rande med r\u00f6dpunktsikte.<\/p>\n","protected":false},"featured_media":46139,"template":"","meta":{"_acf_changed":false},"product_brand":[11645],"product_cat":[13007,12994],"product_tag":[],"class_list":{"0":"post-46136","1":"product","2":"type-product","3":"status-publish","4":"has-post-thumbnail","6":"product_brand-rh-holsters","7":"product_cat-hoelster","8":"product_cat-taktiskt-hoelster","9":"pa_clips-monoblock-sv","10":"pa_light-surefire-x300-ultra-a-sv","11":"pa_light-without-light-sv","12":"pa_model-glock-17-sv","13":"pa_model-glock-43x-sv-2","14":"pa_strong-hand-left-sv","15":"pa_strong-hand-right-sv","17":"first","18":"instock","19":"taxable","20":"shipping-taxable","21":"purchasable","22":"product-type-variable","23":"wvs-archive-product-wrapper"},"acf":[],"_links":{"self":[{"href":"https:\/\/staging.nbg.eu\/sv\/wp-json\/wp\/v2\/product\/46136","targetHints":{"allow":["GET"]}}],"collection":[{"href":"https:\/\/staging.nbg.eu\/sv\/wp-json\/wp\/v2\/product"}],"about":[{"href":"https:\/\/staging.nbg.eu\/sv\/wp-json\/wp\/v2\/types\/product"}],"wp:featuredmedia":[{"embeddable":true,"href":"https:\/\/staging.nbg.eu\/sv\/wp-json\/wp\/v2\/media\/46139"}],"wp:attachment":[{"href":"https:\/\/staging.nbg.eu\/sv\/wp-json\/wp\/v2\/media?parent=46136"}],"wp:term":[{"taxonomy":"product_brand","embeddable":true,"href":"https:\/\/staging.nbg.eu\/sv\/wp-json\/wp\/v2\/product_brand?post=46136"},{"taxonomy":"product_cat","embeddable":true,"href":"https:\/\/staging.nbg.eu\/sv\/wp-json\/wp\/v2\/product_cat?post=46136"},{"taxonomy":"product_tag","embeddable":true,"href":"https:\/\/staging.nbg.eu\/sv\/wp-json\/wp\/v2\/product_tag?post=46136"}],"curies":[{"name":"wp","href":"https:\/\/api.w.org\/{rel}","templated":true}]}}