{"id":46029,"date":"2024-08-03T17:10:30","date_gmt":"2024-08-03T14:10:30","guid":{"rendered":"https:\/\/staging.nbg.eu\/product\/rh-classic-iwb-holster\/"},"modified":"2025-10-20T11:58:53","modified_gmt":"2025-10-20T08:58:53","slug":"rh-classic-iwb-hoelster","status":"publish","type":"product","link":"https:\/\/staging.nbg.eu\/sv\/produkt\/rh-classic-iwb-hoelster\/","title":{"rendered":"RH Classic IWB H\u00f6lster"},"content":{"rendered":"<p>RH Classic IWB-h\u00f6lster erbjuder dold b\u00e4rkomfort. Egenskaper inkluderar:<\/p>\n<ul>\n<li>Vakuumpressad kydex f\u00f6r exakt vapenpassform<\/li>\n<li>Justerbart grepp och lutning<\/li>\n<li>Valfria klo- och ERC-tillbeh\u00f6r<\/li>\n<li>Tunn profil f\u00f6r minimal synlighet<\/li>\n<li>Handskurna kanter f\u00f6r komfort<\/li>\n<li>Konstruktion i ett stycke<\/li>\n<li>\u00d6ppen botten f\u00f6r m\u00e5ngsidighet<\/li>\n<\/ul>\n<p>L\u00e4mplig f\u00f6r diskret, dagligt b\u00e4rande.<\/p>\n","protected":false},"excerpt":{"rendered":"<p>Smal IWB-h\u00f6lster: Justerbart, dolt b\u00e4rande med klo- och ERC-alternativ.<\/p>\n","protected":false},"featured_media":46031,"template":"","meta":{"_acf_changed":false},"product_brand":[11645],"product_cat":[13007,12994],"product_tag":[],"class_list":{"0":"post-46029","1":"product","2":"type-product","3":"status-publish","4":"has-post-thumbnail","6":"product_brand-rh-holsters","7":"product_cat-hoelster","8":"product_cat-taktiskt-hoelster","9":"pa_belt-size-40mm-sv","10":"pa_claw-with-aiwb-sv","11":"pa_claw-without-standard-sv","12":"pa_clips-flushclip-sv","13":"pa_light-surefire-x300-ultra-a-sv","14":"pa_light-surefire-x300-a","15":"pa_light-without-light-sv","16":"pa_model-glock-17-sv","17":"pa_model-glock-19-34","18":"pa_model-glock-19-23-32-sv","19":"pa_model-glock-26-27-sv","20":"pa_strong-hand-right-sv","22":"first","23":"instock","24":"taxable","25":"shipping-taxable","26":"purchasable","27":"product-type-variable","28":"wvs-archive-product-wrapper"},"acf":[],"_links":{"self":[{"href":"https:\/\/staging.nbg.eu\/sv\/wp-json\/wp\/v2\/product\/46029","targetHints":{"allow":["GET"]}}],"collection":[{"href":"https:\/\/staging.nbg.eu\/sv\/wp-json\/wp\/v2\/product"}],"about":[{"href":"https:\/\/staging.nbg.eu\/sv\/wp-json\/wp\/v2\/types\/product"}],"wp:featuredmedia":[{"embeddable":true,"href":"https:\/\/staging.nbg.eu\/sv\/wp-json\/wp\/v2\/media\/46031"}],"wp:attachment":[{"href":"https:\/\/staging.nbg.eu\/sv\/wp-json\/wp\/v2\/media?parent=46029"}],"wp:term":[{"taxonomy":"product_brand","embeddable":true,"href":"https:\/\/staging.nbg.eu\/sv\/wp-json\/wp\/v2\/product_brand?post=46029"},{"taxonomy":"product_cat","embeddable":true,"href":"https:\/\/staging.nbg.eu\/sv\/wp-json\/wp\/v2\/product_cat?post=46029"},{"taxonomy":"product_tag","embeddable":true,"href":"https:\/\/staging.nbg.eu\/sv\/wp-json\/wp\/v2\/product_tag?post=46029"}],"curies":[{"name":"wp","href":"https:\/\/api.w.org\/{rel}","templated":true}]}}