{"id":45863,"date":"2024-08-03T14:31:50","date_gmt":"2024-09-10T15:01:32","guid":{"rendered":"https:\/\/staging.nbg.eu\/product\/rh-frogy-owb-holster\/"},"modified":"2024-09-10T15:02:42","modified_gmt":"2024-09-10T15:02:42","slug":"rh-frogy-owb-hoelster","status":"publish","type":"product","link":"https:\/\/staging.nbg.eu\/sv\/produkt\/rh-frogy-owb-hoelster\/","title":{"rendered":"RH Frogy OWB H\u00f6lster"},"content":{"rendered":"<div class=\"product-description\">\n<h2>RH Frogy OWB H\u00f6lster<\/h2>\n<p>Upplev \u00f6verl\u00e4gset dolt b\u00e4rande med RH Frogy OWB H\u00f6lster. Utformat f\u00f6r anv\u00e4ndning utanp\u00e5 byxlinningen, har detta h\u00f6lster f\u00f6ljande egenskaper:<\/p>\n<ul>\n<li>Unik konstruktion med integrerad tryckfunktion f\u00f6r b\u00e4ttre vapend\u00f6ljande<\/li>\n<li>Bekv\u00e4mt b\u00e4rande med utrymmesutfyllande design under b\u00e4ltet f\u00f6r stabil positionering<\/li>\n<li>Vakuumpressat 2,5 mm tjockt Kydex med r\u00e4fflor f\u00f6r \u00f6kad h\u00e5llbarhet och styvhet<\/li>\n<li>Handpolerade kanter f\u00f6r maximal komfort<\/li>\n<li>Vinklat vapenl\u00e4ge f\u00f6r f\u00f6rb\u00e4ttrad dold b\u00e4rning och dragning<\/li>\n<li>Justerbart grepp och lutning<\/li>\n<li>Kompatibel med r\u00f6dpunktssikten och f\u00f6rl\u00e4ngda pipor\/g\u00e4ngor<\/li>\n<\/ul>\n<p>Exakt formad och tillverkad av ett enda stycke Kydex, erbjuder detta h\u00f6lster optimal dold b\u00e4rning och komfort. Den \u00f6ppna designen m\u00f6jligg\u00f6r enkel reng\u00f6ring och rymmer olika vapenmodifikationer.<\/p>\n<\/div>\n","protected":false},"excerpt":{"rendered":"<p>RH Frogy OWB-h\u00f6lster: Dolt, bekv\u00e4mt, justerbart kydexb\u00e4rande.<\/p>\n","protected":false},"featured_media":45867,"template":"","meta":{"_acf_changed":false},"product_brand":[11645],"product_cat":[13007,13045,12994],"product_tag":[],"class_list":{"0":"post-45863","1":"product","2":"type-product","3":"status-publish","4":"has-post-thumbnail","6":"product_brand-rh-holsters","7":"product_cat-hoelster","8":"product_cat-sporthoelster","9":"product_cat-taktiskt-hoelster","10":"pa_belt-size-40mm-sv","11":"pa_model-glock-17-sv","12":"pa_model-glock-19-23-32-sv","13":"pa_strong-hand-right-sv","15":"first","16":"instock","17":"taxable","18":"shipping-taxable","19":"purchasable","20":"product-type-variable","21":"wvs-archive-product-wrapper"},"acf":[],"_links":{"self":[{"href":"https:\/\/staging.nbg.eu\/sv\/wp-json\/wp\/v2\/product\/45863","targetHints":{"allow":["GET"]}}],"collection":[{"href":"https:\/\/staging.nbg.eu\/sv\/wp-json\/wp\/v2\/product"}],"about":[{"href":"https:\/\/staging.nbg.eu\/sv\/wp-json\/wp\/v2\/types\/product"}],"wp:featuredmedia":[{"embeddable":true,"href":"https:\/\/staging.nbg.eu\/sv\/wp-json\/wp\/v2\/media\/45867"}],"wp:attachment":[{"href":"https:\/\/staging.nbg.eu\/sv\/wp-json\/wp\/v2\/media?parent=45863"}],"wp:term":[{"taxonomy":"product_brand","embeddable":true,"href":"https:\/\/staging.nbg.eu\/sv\/wp-json\/wp\/v2\/product_brand?post=45863"},{"taxonomy":"product_cat","embeddable":true,"href":"https:\/\/staging.nbg.eu\/sv\/wp-json\/wp\/v2\/product_cat?post=45863"},{"taxonomy":"product_tag","embeddable":true,"href":"https:\/\/staging.nbg.eu\/sv\/wp-json\/wp\/v2\/product_tag?post=45863"}],"curies":[{"name":"wp","href":"https:\/\/api.w.org\/{rel}","templated":true}]}}