{"id":45676,"date":"2024-08-04T20:46:31","date_gmt":"2024-09-10T14:52:38","guid":{"rendered":"https:\/\/staging.nbg.eu\/product\/rh-ar15-m4-owb-mag-holder\/"},"modified":"2024-09-10T14:53:48","modified_gmt":"2024-09-10T14:53:48","slug":"rh-ar15m4-owb-magasin-hallare","status":"publish","type":"product","link":"https:\/\/staging.nbg.eu\/sv\/produkt\/rh-ar15m4-owb-magasin-hallare\/","title":{"rendered":"RH AR15\/M4 OWB Magasin H\u00e5llare"},"content":{"rendered":"<p>RH AR15\/M4 OWB-magasinh\u00e5llaren \u00e4r perfekt f\u00f6r IPSC och tj\u00e4nstebruk. Funktioner inkluderar:<\/p>\n<ul>\n<li>Justerbart grepp f\u00f6r optimalt motst\u00e5nd<\/li>\n<li>L\u00e4tt \u00e5tkomst<\/li>\n<li>Kompatibel med sport- och taktiska b\u00e4lten<\/li>\n<li>Precisionsst\u00f6pt f\u00f6r perfekt passform<\/li>\n<li>Skarpa f\u00f6rdjupningar med sl\u00e4ta kanter<\/li>\n<\/ul>\n<p>Idealisk f\u00f6r PCC-magasin, erbjuder denna h\u00e5llare \u00f6verl\u00e4gsen prestanda och komfort.<\/p>\n","protected":false},"excerpt":{"rendered":"<p>Justerbar IPSC\/service-magasinh\u00e5llare f\u00f6r enkel \u00e5tkomst p\u00e5 taktiska b\u00e4lten<\/p>\n","protected":false},"featured_media":45678,"template":"","meta":{"_acf_changed":false},"product_brand":[11645],"product_cat":[13007,12996],"product_tag":[],"class_list":{"0":"post-45676","1":"product","2":"type-product","3":"status-publish","4":"has-post-thumbnail","6":"product_brand-rh-holsters","7":"product_cat-hoelster","8":"product_cat-magasinhallare","9":"pa_model-ar-15-sv","10":"pa_strong-hand-right-sv","12":"first","13":"instock","14":"taxable","15":"shipping-taxable","16":"purchasable","17":"product-type-variable","18":"wvs-archive-product-wrapper"},"acf":[],"_links":{"self":[{"href":"https:\/\/staging.nbg.eu\/sv\/wp-json\/wp\/v2\/product\/45676","targetHints":{"allow":["GET"]}}],"collection":[{"href":"https:\/\/staging.nbg.eu\/sv\/wp-json\/wp\/v2\/product"}],"about":[{"href":"https:\/\/staging.nbg.eu\/sv\/wp-json\/wp\/v2\/types\/product"}],"wp:featuredmedia":[{"embeddable":true,"href":"https:\/\/staging.nbg.eu\/sv\/wp-json\/wp\/v2\/media\/45678"}],"wp:attachment":[{"href":"https:\/\/staging.nbg.eu\/sv\/wp-json\/wp\/v2\/media?parent=45676"}],"wp:term":[{"taxonomy":"product_brand","embeddable":true,"href":"https:\/\/staging.nbg.eu\/sv\/wp-json\/wp\/v2\/product_brand?post=45676"},{"taxonomy":"product_cat","embeddable":true,"href":"https:\/\/staging.nbg.eu\/sv\/wp-json\/wp\/v2\/product_cat?post=45676"},{"taxonomy":"product_tag","embeddable":true,"href":"https:\/\/staging.nbg.eu\/sv\/wp-json\/wp\/v2\/product_tag?post=45676"}],"curies":[{"name":"wp","href":"https:\/\/api.w.org\/{rel}","templated":true}]}}